{"id":277,"date":"2013-03-22T18:55:22","date_gmt":"2013-03-22T16:55:22","guid":{"rendered":"https:\/\/vip-restaurant.vamtam.com\/?page_id=277"},"modified":"2021-07-18T21:42:05","modified_gmt":"2021-07-18T19:42:05","slug":"blog","status":"publish","type":"page","link":"https:\/\/restauranteeljamondelabuelo.es\/index.php\/blog\/","title":{"rendered":"Blog"},"content":{"rendered":"<div class=\"vamtam-blank-space \" style=\"height:30px\"><\/div>\n<div class=\"vamtam-blank-space  vamtam-hide-lowres\" style=\"height:20px\"><\/div>\n<div class=\"limit-wrapper\"><div class=\"row \"><div class=\"vamtam-grid grid-1-1  vamtam-first-level grid-1-1  first unextended no-extended-padding\" style=\"padding-top:0.05px;padding-bottom:0.05px;\" id=\"vamtam-column-71376fcda4dde82e2916a3d55048acc3\" ><div class=\"loop-wrapper clearfix news mosaic paginated vamtam-cubeportfolio cbp\" data-columns=\"3\" data-options=\"{&quot;layoutMode&quot;:&quot;mosaic&quot;,&quot;sortToPreventGaps&quot;:true,&quot;defaultFilter&quot;:&quot;*&quot;,&quot;animationType&quot;:&quot;quicksand&quot;,&quot;gapHorizontal&quot;:0,&quot;gapVertical&quot;:30,&quot;gridAdjustment&quot;:&quot;responsive&quot;,&quot;mediaQueries&quot;:[{&quot;width&quot;:945,&quot;cols&quot;:3},{&quot;width&quot;:630,&quot;cols&quot;:2},{&quot;width&quot;:315,&quot;cols&quot;:1}],&quot;displayType&quot;:&quot;bottomToTop&quot;,&quot;displayTypeSpeed&quot;:100}\">\n\t\t\t<div class=\"page-content post-header clearboth list-item cbp-item post-988388 post type-post status-publish format-standard has-post-thumbnail hentry category-restaurante\" style=\"width: 33.333333333333%\">\n\t\t\t\t<div>\n\t\t\t\t\t<div class=\"post-article has-image-wrapper \">\n\t<div class=\"standard-post-format clearfix as-image \">\n\t\t<div class=\"post-media\">\n\t\t\t<div class=\"thumbnail\">\n\t\t\t\t\t\t\t<a href=\"https:\/\/restauranteeljamondelabuelo.es\/index.php\/2021\/11\/16\/bienvenida-navidad\/\" title=\"\u00a1Bienvenida Navidad!\">\n\t\t\t\t\t<img loading=\"lazy\" decoding=\"async\" width=\"400\" height=\"255\" src=\"https:\/\/restauranteeljamondelabuelo.es\/wp-content\/uploads\/2021\/11\/pexels-karolina-grabowska-5942618-400x255.jpg\" class=\"attachment-theme-normal-3 size-theme-normal-3 wp-post-image\" alt=\"bienvenida navidad\" srcset=\"https:\/\/restauranteeljamondelabuelo.es\/wp-content\/uploads\/2021\/11\/pexels-karolina-grabowska-5942618-400x255.jpg 400w, https:\/\/restauranteeljamondelabuelo.es\/wp-content\/uploads\/2021\/11\/pexels-karolina-grabowska-5942618-300x191.jpg 300w, https:\/\/restauranteeljamondelabuelo.es\/wp-content\/uploads\/2021\/11\/pexels-karolina-grabowska-5942618-1024x652.jpg 1024w, https:\/\/restauranteeljamondelabuelo.es\/wp-content\/uploads\/2021\/11\/pexels-karolina-grabowska-5942618-615x391.jpg 615w, https:\/\/restauranteeljamondelabuelo.es\/wp-content\/uploads\/2021\/11\/pexels-karolina-grabowska-5942618-800x509.jpg 800w, https:\/\/restauranteeljamondelabuelo.es\/wp-content\/uploads\/2021\/11\/pexels-karolina-grabowska-5942618-292x186.jpg 292w, https:\/\/restauranteeljamondelabuelo.es\/wp-content\/uploads\/2021\/11\/pexels-karolina-grabowska-5942618-585x372.jpg 585w, https:\/\/restauranteeljamondelabuelo.es\/wp-content\/uploads\/2021\/11\/pexels-karolina-grabowska-5942618.jpg 1100w\" sizes=\"auto, (min-width: 900px) 50vw, 100vw\" \/>\t\t\t\t\t<span class='icon shortcode theme  use-hover' style=''>&#58897;<\/span>\t\t\t\t<\/a>\n\t\t\t\t\t<\/div>\n\t<\/div>\n\n\t<div class=\"post-content-wrapper\">\n\t\t\n\t\t\t\t\t<div class=\"post-content-meta\">\n\t\t\t\t<div class=\"vamtam-meta-tax the-categories\" ><span class=\"icon theme\">&#57452;<\/span> <span class=\"visuallyhidden\">Category <\/span><a href=\"https:\/\/restauranteeljamondelabuelo.es\/index.php\/category\/restaurante\/\" rel=\"category tag\">Restaurante<\/a><\/div>\n\t\t\t<\/div>\n\t\t\n\t\t\t\t<header class=\"single\">\n\t\t\t<div class=\"content\">\n\t\t\t\t<h4>\n\t\t\t\t\t<a href=\"https:\/\/restauranteeljamondelabuelo.es\/index.php\/2021\/11\/16\/bienvenida-navidad\/\" title=\"\u00a1Bienvenida Navidad!\" class=\"entry-title\">\u00a1Bienvenida Navidad!<\/a>\n\t\t\t\t<\/h4>\n\t\t\t<\/div>\n\t\t<\/header>\n\t\n\t\t<div class=\"post-content-outer\">\n\t\t\t<p>\u00a1Bienvenida Navidad! Llega uno de los momentos m\u00e1gicos e inolvidables donde las historias, nostalgia y&#8230;<\/p>\n\t\t<\/div>\n\n\n\t\t\n\n\t\t<div class=\"post-actions-wrapper clearfix\">\n\n\t\t\n\t\t\t\t\t<div class=\"post-date vamtam-meta-date\" >\n\t\t\t\t<a href=\"https:\/\/restauranteeljamondelabuelo.es\/index.php\/2021\/11\/16\/bienvenida-navidad\/\" title=\"\u00a1Bienvenida Navidad!\">\n\t\t\t\t\tnoviembre 16, 2021\t\t\t\t<\/a>\n\t\t\t<\/div>\n\t\t\t\t\t\t\t\t<span class=\"comment-count vamtam-meta-comments\" >\n\t\t<a href=\"https:\/\/restauranteeljamondelabuelo.es\/index.php\/2021\/11\/16\/bienvenida-navidad\/#respond\"><span class='icon shortcode theme  use-hover' style=''>&#57526;<\/span>0 <span class=\"comment-word \">Comments<\/span><\/a>\t<\/span>\n\t\t\t\t\t\t\t<\/div>\n\n\n\t<\/div>\n\t<\/div>\n<\/div>\n\t\t\t\t<\/div>\n\t\t\t<\/div>\n\t\t\t<div class=\"page-content post-header list-item cbp-item post-5352 post type-post status-publish format-standard has-post-thumbnail hentry category-gastronomia\" style=\"width: 33.333333333333%\">\n\t\t\t\t<div>\n\t\t\t\t\t<div class=\"post-article has-image-wrapper \">\n\t<div class=\"standard-post-format clearfix as-image \">\n\t\t<div class=\"post-media\">\n\t\t\t<div class=\"thumbnail\">\n\t\t\t\t\t\t\t<a href=\"https:\/\/restauranteeljamondelabuelo.es\/index.php\/2021\/07\/14\/la-gastronomia\/\" title=\"La Gastronom\u00eda\">\n\t\t\t\t\t<img loading=\"lazy\" decoding=\"async\" width=\"400\" height=\"255\" src=\"https:\/\/restauranteeljamondelabuelo.es\/wp-content\/uploads\/2013\/08\/gastronomia-restaurante-el-jamo\u0301n-del-abuelo-400x255.jpg\" class=\"attachment-theme-normal-3 size-theme-normal-3 wp-post-image\" alt=\"gastronomia restaurante el jamo\u0301n del abuelo\" srcset=\"https:\/\/restauranteeljamondelabuelo.es\/wp-content\/uploads\/2013\/08\/gastronomia-restaurante-el-jamo\u0301n-del-abuelo-400x255.jpg 400w, https:\/\/restauranteeljamondelabuelo.es\/wp-content\/uploads\/2013\/08\/gastronomia-restaurante-el-jamo\u0301n-del-abuelo-300x191.jpg 300w, https:\/\/restauranteeljamondelabuelo.es\/wp-content\/uploads\/2013\/08\/gastronomia-restaurante-el-jamo\u0301n-del-abuelo-1024x652.jpg 1024w, https:\/\/restauranteeljamondelabuelo.es\/wp-content\/uploads\/2013\/08\/gastronomia-restaurante-el-jamo\u0301n-del-abuelo-615x391.jpg 615w, https:\/\/restauranteeljamondelabuelo.es\/wp-content\/uploads\/2013\/08\/gastronomia-restaurante-el-jamo\u0301n-del-abuelo-800x509.jpg 800w, https:\/\/restauranteeljamondelabuelo.es\/wp-content\/uploads\/2013\/08\/gastronomia-restaurante-el-jamo\u0301n-del-abuelo-292x186.jpg 292w, https:\/\/restauranteeljamondelabuelo.es\/wp-content\/uploads\/2013\/08\/gastronomia-restaurante-el-jamo\u0301n-del-abuelo-585x372.jpg 585w, https:\/\/restauranteeljamondelabuelo.es\/wp-content\/uploads\/2013\/08\/gastronomia-restaurante-el-jamo\u0301n-del-abuelo.jpg 1100w\" sizes=\"auto, (min-width: 900px) 50vw, 100vw\" \/>\t\t\t\t\t<span class='icon shortcode theme  use-hover' style=''>&#58897;<\/span>\t\t\t\t<\/a>\n\t\t\t\t\t<\/div>\n\t<\/div>\n\n\t<div class=\"post-content-wrapper\">\n\t\t\n\t\t\t\t\t<div class=\"post-content-meta\">\n\t\t\t\t<div class=\"vamtam-meta-tax the-categories\" ><span class=\"icon theme\">&#57452;<\/span> <span class=\"visuallyhidden\">Category <\/span><a href=\"https:\/\/restauranteeljamondelabuelo.es\/index.php\/category\/gastronomia\/\" rel=\"category tag\">Gastronom\u00eda<\/a><\/div>\n\t\t\t<\/div>\n\t\t\n\t\t\t\t<header class=\"single\">\n\t\t\t<div class=\"content\">\n\t\t\t\t<h4>\n\t\t\t\t\t<a href=\"https:\/\/restauranteeljamondelabuelo.es\/index.php\/2021\/07\/14\/la-gastronomia\/\" title=\"La Gastronom\u00eda\" class=\"entry-title\">La Gastronom\u00eda<\/a>\n\t\t\t\t<\/h4>\n\t\t\t<\/div>\n\t\t<\/header>\n\t\n\t\t<div class=\"post-content-outer\">\n\t\t\t<p>La gastronom\u00eda es \u00fanica, fascinante, tradici\u00f3n, matices, color y pensamientos. La gastronom\u00eda es la antesala&#8230;<\/p>\n\t\t<\/div>\n\n\n\t\t\n\n\t\t<div class=\"post-actions-wrapper clearfix\">\n\n\t\t\n\t\t\t\t\t<div class=\"post-date vamtam-meta-date\" >\n\t\t\t\t<a href=\"https:\/\/restauranteeljamondelabuelo.es\/index.php\/2021\/07\/14\/la-gastronomia\/\" title=\"La Gastronom\u00eda\">\n\t\t\t\t\tjulio 14, 2021\t\t\t\t<\/a>\n\t\t\t<\/div>\n\t\t\t\t\t\t\t\t<span class=\"comment-count vamtam-meta-comments\" >\n\t\t<a href=\"https:\/\/restauranteeljamondelabuelo.es\/index.php\/2021\/07\/14\/la-gastronomia\/#respond\"><span class='icon shortcode theme  use-hover' style=''>&#57526;<\/span>0 <span class=\"comment-word \">Comments<\/span><\/a>\t<\/span>\n\t\t\t\t\t\t\t<\/div>\n\n\n\t<\/div>\n\t<\/div>\n<\/div>\n\t\t\t\t<\/div>\n\t\t\t<\/div>\n\t\t\t<div class=\"page-content post-header list-item cbp-item post-1525 post type-post status-publish format-standard has-post-thumbnail hentry category-restaurante\" style=\"width: 33.333333333333%\">\n\t\t\t\t<div>\n\t\t\t\t\t<div class=\"post-article has-image-wrapper \">\n\t<div class=\"standard-post-format clearfix as-image \">\n\t\t<div class=\"post-media\">\n\t\t\t<div class=\"thumbnail\">\n\t\t\t\t\t\t\t<a href=\"https:\/\/restauranteeljamondelabuelo.es\/index.php\/2021\/07\/14\/una-nueva-casa-digital\/\" title=\"Una nueva casa digital\">\n\t\t\t\t\t<img loading=\"lazy\" decoding=\"async\" width=\"400\" height=\"255\" src=\"https:\/\/restauranteeljamondelabuelo.es\/wp-content\/uploads\/2013\/08\/nueva-casa-digital-restaurante-el-jamon-del-abuelo-400x255.jpg\" class=\"attachment-theme-normal-3 size-theme-normal-3 wp-post-image\" alt=\"nueva casa digital restaurante el jamon del abuelo\" srcset=\"https:\/\/restauranteeljamondelabuelo.es\/wp-content\/uploads\/2013\/08\/nueva-casa-digital-restaurante-el-jamon-del-abuelo-400x255.jpg 400w, https:\/\/restauranteeljamondelabuelo.es\/wp-content\/uploads\/2013\/08\/nueva-casa-digital-restaurante-el-jamon-del-abuelo-300x191.jpg 300w, https:\/\/restauranteeljamondelabuelo.es\/wp-content\/uploads\/2013\/08\/nueva-casa-digital-restaurante-el-jamon-del-abuelo-1024x652.jpg 1024w, https:\/\/restauranteeljamondelabuelo.es\/wp-content\/uploads\/2013\/08\/nueva-casa-digital-restaurante-el-jamon-del-abuelo-615x391.jpg 615w, https:\/\/restauranteeljamondelabuelo.es\/wp-content\/uploads\/2013\/08\/nueva-casa-digital-restaurante-el-jamon-del-abuelo-800x509.jpg 800w, https:\/\/restauranteeljamondelabuelo.es\/wp-content\/uploads\/2013\/08\/nueva-casa-digital-restaurante-el-jamon-del-abuelo-292x186.jpg 292w, https:\/\/restauranteeljamondelabuelo.es\/wp-content\/uploads\/2013\/08\/nueva-casa-digital-restaurante-el-jamon-del-abuelo-585x372.jpg 585w, https:\/\/restauranteeljamondelabuelo.es\/wp-content\/uploads\/2013\/08\/nueva-casa-digital-restaurante-el-jamon-del-abuelo.jpg 1100w\" sizes=\"auto, (min-width: 900px) 50vw, 100vw\" \/>\t\t\t\t\t<span class='icon shortcode theme  use-hover' style=''>&#58897;<\/span>\t\t\t\t<\/a>\n\t\t\t\t\t<\/div>\n\t<\/div>\n\n\t<div class=\"post-content-wrapper\">\n\t\t\n\t\t\t\t\t<div class=\"post-content-meta\">\n\t\t\t\t<div class=\"vamtam-meta-tax the-categories\" ><span class=\"icon theme\">&#57452;<\/span> <span class=\"visuallyhidden\">Category <\/span><a href=\"https:\/\/restauranteeljamondelabuelo.es\/index.php\/category\/restaurante\/\" rel=\"category tag\">Restaurante<\/a><\/div>\n\t\t\t<\/div>\n\t\t\n\t\t\t\t<header class=\"single\">\n\t\t\t<div class=\"content\">\n\t\t\t\t<h4>\n\t\t\t\t\t<a href=\"https:\/\/restauranteeljamondelabuelo.es\/index.php\/2021\/07\/14\/una-nueva-casa-digital\/\" title=\"Una nueva casa digital\" class=\"entry-title\">Una nueva casa digital<\/a>\n\t\t\t\t<\/h4>\n\t\t\t<\/div>\n\t\t<\/header>\n\t\n\t\t<div class=\"post-content-outer\">\n\t\t\t<p>Adams also came to understand how important it was that his carefully crafted photos were reproduced to best effect. <\/p>\n\t\t<\/div>\n\n\n\t\t\n\n\t\t<div class=\"post-actions-wrapper clearfix\">\n\n\t\t\n\t\t\t\t\t<div class=\"post-date vamtam-meta-date\" >\n\t\t\t\t<a href=\"https:\/\/restauranteeljamondelabuelo.es\/index.php\/2021\/07\/14\/una-nueva-casa-digital\/\" title=\"Una nueva casa digital\">\n\t\t\t\t\tjulio 14, 2021\t\t\t\t<\/a>\n\t\t\t<\/div>\n\t\t\t\t\t\t\t\t<span class=\"comment-count vamtam-meta-comments\" >\n\t\t<a href=\"https:\/\/restauranteeljamondelabuelo.es\/index.php\/2021\/07\/14\/una-nueva-casa-digital\/#respond\"><span class='icon shortcode theme  use-hover' style=''>&#57526;<\/span>0 <span class=\"comment-word \">Comments<\/span><\/a>\t<\/span>\n\t\t\t\t\t\t\t<\/div>\n\n\n\t<\/div>\n\t<\/div>\n<\/div>\n\t\t\t\t<\/div>\n\t\t\t<\/div>\n<\/div>\n\n<\/div><\/div><\/div>\n","protected":false},"excerpt":{"rendered":"<p>Una nueva casa digital, un paso para innovar a trav\u00e9s de la web y mostrar una imagen actual, sencilla, clara pero adaptada a los nuevos tiempos. Mejora continua para seguir conquistando paladares a trav\u00e9s de los ojos y hacer nacer&#8230;<\/p>\n","protected":false},"author":1,"featured_media":0,"parent":0,"menu_order":3,"comment_status":"closed","ping_status":"closed","template":"","meta":{"footnotes":""},"class_list":["post-277","page","type-page","status-publish","hentry"],"_links":{"self":[{"href":"https:\/\/restauranteeljamondelabuelo.es\/index.php\/wp-json\/wp\/v2\/pages\/277","targetHints":{"allow":["GET"]}}],"collection":[{"href":"https:\/\/restauranteeljamondelabuelo.es\/index.php\/wp-json\/wp\/v2\/pages"}],"about":[{"href":"https:\/\/restauranteeljamondelabuelo.es\/index.php\/wp-json\/wp\/v2\/types\/page"}],"author":[{"embeddable":true,"href":"https:\/\/restauranteeljamondelabuelo.es\/index.php\/wp-json\/wp\/v2\/users\/1"}],"replies":[{"embeddable":true,"href":"https:\/\/restauranteeljamondelabuelo.es\/index.php\/wp-json\/wp\/v2\/comments?post=277"}],"version-history":[{"count":0,"href":"https:\/\/restauranteeljamondelabuelo.es\/index.php\/wp-json\/wp\/v2\/pages\/277\/revisions"}],"wp:attachment":[{"href":"https:\/\/restauranteeljamondelabuelo.es\/index.php\/wp-json\/wp\/v2\/media?parent=277"}],"curies":[{"name":"wp","href":"https:\/\/api.w.org\/{rel}","templated":true}]}}