{"id":7778,"date":"2014-04-23T10:38:38","date_gmt":"2014-04-23T10:38:38","guid":{"rendered":"https:\/\/vip-restaurant.vamtam.com\/?page_id=7778"},"modified":"2021-07-18T21:43:02","modified_gmt":"2021-07-18T19:43:02","slug":"sobre-nosotros","status":"publish","type":"page","link":"https:\/\/restauranteeljamondelabuelo.es\/index.php\/sobre-nosotros\/","title":{"rendered":"Sobre Nosotros"},"content":{"rendered":"<div class=\"row \"><div class=\"vamtam-grid grid-1-1  vamtam-first-level grid-1-1  first vamtam-cover-bg has-background extended no-extended-padding\" style=\"\n\t\t\t\tbackground: url( &#039;https:\/\/restauranteeljamondelabuelo.es\/wp-content\/uploads\/2021\/07\/pa\u0301gina-sobre-nosotros-el-jamo\u0301n-del-abuelo.jpg&#039; )  ;\n\t\t\t\tbackground-size: cover;\n\t\t\tbackground-attachment: fixed;background-color:#292929;padding-top:0.05px;padding-bottom:0.05px;\" id=\"vamtam-column-fbc49cc93cc59101495afcc37cc601e7\"  data-padding-top=\"-1\" data-padding-bottom=\"-1\"><div class=\"limit-wrapper\"><div class=\"extended-column-inner\"><style>#vamtam-column-fbc49cc93cc59101495afcc37cc601e7,#vamtam-column-fbc49cc93cc59101495afcc37cc601e7 p,#vamtam-column-fbc49cc93cc59101495afcc37cc601e7 em,#vamtam-column-fbc49cc93cc59101495afcc37cc601e7 h1,#vamtam-column-fbc49cc93cc59101495afcc37cc601e7 h2,#vamtam-column-fbc49cc93cc59101495afcc37cc601e7 h3,#vamtam-column-fbc49cc93cc59101495afcc37cc601e7 h4,#vamtam-column-fbc49cc93cc59101495afcc37cc601e7 h5,#vamtam-column-fbc49cc93cc59101495afcc37cc601e7 h6,#vamtam-column-fbc49cc93cc59101495afcc37cc601e7 h1 a:not(:hover),#vamtam-column-fbc49cc93cc59101495afcc37cc601e7 h2 a:not(:hover),#vamtam-column-fbc49cc93cc59101495afcc37cc601e7 h3 a:not(:hover),#vamtam-column-fbc49cc93cc59101495afcc37cc601e7 h4 a:not(:hover),#vamtam-column-fbc49cc93cc59101495afcc37cc601e7 h5 a:not(:hover),#vamtam-column-fbc49cc93cc59101495afcc37cc601e7 h6 a:not(:hover),#vamtam-column-fbc49cc93cc59101495afcc37cc601e7 .column-title,#vamtam-column-fbc49cc93cc59101495afcc37cc601e7 .sep-text h2.regular-title-wrapper,#vamtam-column-fbc49cc93cc59101495afcc37cc601e7 .text-divider-double,#vamtam-column-fbc49cc93cc59101495afcc37cc601e7 .sep-text .sep-text-line,#vamtam-column-fbc49cc93cc59101495afcc37cc601e7 .sep,#vamtam-column-fbc49cc93cc59101495afcc37cc601e7 .sep-2,#vamtam-column-fbc49cc93cc59101495afcc37cc601e7 .sep-3,#vamtam-column-fbc49cc93cc59101495afcc37cc601e7 .portfolio-filters .inner-wrapper .cbp-filter-item,#vamtam-column-fbc49cc93cc59101495afcc37cc601e7 .portfolio-filters .inner-wrapper .cbp-filter-item:hover,#vamtam-column-fbc49cc93cc59101495afcc37cc601e7 .portfolio-filters .inner-wrapper .cbp-filter-item.cbp-filter-item-active,#vamtam-column-fbc49cc93cc59101495afcc37cc601e7 td,#vamtam-column-fbc49cc93cc59101495afcc37cc601e7 th,#vamtam-column-fbc49cc93cc59101495afcc37cc601e7 caption{color:#f5f5f5;}<\/style><div class=\"row \"><div class=\"vamtam-grid grid-1-1  grid-1-1  first unextended no-extended-padding\" style=\"padding-top:0.05px;padding-bottom:0.05px;\" id=\"vamtam-column-d3b02617f021fb70700783b2fb3a5a34\" ><p><img loading=\"lazy\" decoding=\"async\" class=\"aligncenter wp-image-11808\" src=\"https:\/\/restauranteeljamondelabuelo.es\/wp-content\/uploads\/2021\/07\/cocinero-1.svg\" alt=\"icono chef\" width=\"250\" height=\"250\" \/><\/p>\n<h3 style=\"text-align: center;\">Cocina tradicional e innovadora aderezada por las ra\u00edces andaluzas<\/h3>\n<span class=\"vamtam-blank-space \" style=\"height:20px\"><\/span>\n<a class=\"vamtam-animated-page-scroll\" href=\"#intro\"><img loading=\"lazy\" decoding=\"async\" class=\"aligncenter wp-image-11807\" src=\"https:\/\/restauranteeljamondelabuelo.es\/wp-content\/uploads\/2021\/07\/arrow-down-sign-to-navigate.svg\" alt=\"arrow-long-down\" width=\"150\" height=\"150\" \/><\/a><\/p><\/div><\/div><\/div><\/div><\/div><\/div>\n<div class=\"row \"><div class=\"vamtam-grid grid-1-1  vamtam-first-level grid-1-1 vamtam-add-ornaments-top first has-background has-horizontal-padding extended no-extended-padding\" style=\"background-color:#F5F3F0;padding-top:60px;padding-bottom:70px;padding-left:225px;padding-right:225px;\" id=\"intro\" ><div class=\"limit-wrapper\"><div class=\"extended-column-inner\"><style>#intro,#intro p,#intro em,#intro h1,#intro h2,#intro h3,#intro h4,#intro h5,#intro h6,#intro h1 a:not(:hover),#intro h2 a:not(:hover),#intro h3 a:not(:hover),#intro h4 a:not(:hover),#intro h5 a:not(:hover),#intro h6 a:not(:hover),#intro .column-title,#intro .sep-text h2.regular-title-wrapper,#intro .text-divider-double,#intro .sep-text .sep-text-line,#intro .sep,#intro .sep-2,#intro .sep-3,#intro .portfolio-filters .inner-wrapper .cbp-filter-item,#intro .portfolio-filters .inner-wrapper .cbp-filter-item:hover,#intro .portfolio-filters .inner-wrapper .cbp-filter-item.cbp-filter-item-active,#intro td,#intro th,#intro caption{color:#272727;}#intro:before{background-color:#f5f3f0;}<\/style><div class=\"row \"><div class=\"vamtam-grid grid-1-1  grid-1-1  first unextended no-extended-padding\" style=\"padding-top:0.05px;padding-bottom:0.05px;\" id=\"vamtam-column-4e1734da78db7c22ecab5bbf6b67707c\" ><p style=\"text-align: center;\">\u2748<\/p><\/div><\/div>\n<div class=\"vamtam-blank-space  vamtam-hide-lowres\" style=\"height:20px\"><\/div>\n<div class=\"row \"><div class=\"vamtam-grid grid-1-1  grid-1-1  first unextended no-extended-padding\" style=\"padding-top:0.05px;padding-bottom:0.05px;\" id=\"vamtam-column-2cd3fe0f146ac82333d8249bd4ce15d4\" ><h4 style=\"text-align: center;\">Nuestro sue\u00f1o era llevar nuestra cocina andaluza a la capital de Espa\u00f1a, era cuidar y cultivar lo aprendido desde nuestra ni\u00f1ez en la cocina a trav\u00e9s de la innovaci\u00f3n y platos en un restaurante \u00fanico y de gran calidad. En 1991, se abren por primera vez las puertas de nuestra casa donde el ambiente familiar fue la bandera de la conquista de los paladares de los comensales que visitaban su casa, nuestra casa.<\/h4><\/div><\/div>\n<div class=\"vamtam-blank-space  vamtam-hide-lowres\" style=\"height:20px\"><\/div>\n<div class=\"row \"><div class=\"vamtam-grid grid-1-1  grid-1-1  first unextended no-extended-padding\" style=\"padding-top:0.05px;padding-bottom:0.05px;\" id=\"vamtam-column-a08c2fa26f785518b3b2c6af7234b2f5\" ><p style=\"text-align: center;\">\u2748<\/p><\/div><\/div><\/div><\/div><\/div><\/div>\n<div class=\"row \"><div class=\"vamtam-grid grid-1-1  vamtam-first-level grid-1-1 vamtam-add-ornaments-all first has-background extended no-extended-padding\" style=\"background-color:#ffffff;padding-top:80px;padding-bottom:80px;\" id=\"vamtam-column-5c9697a0e89535a87dfa70fc3ee95212\" ><div class=\"limit-wrapper\"><div class=\"extended-column-inner\"><style>#vamtam-column-5c9697a0e89535a87dfa70fc3ee95212,#vamtam-column-5c9697a0e89535a87dfa70fc3ee95212 p,#vamtam-column-5c9697a0e89535a87dfa70fc3ee95212 em,#vamtam-column-5c9697a0e89535a87dfa70fc3ee95212 h1,#vamtam-column-5c9697a0e89535a87dfa70fc3ee95212 h2,#vamtam-column-5c9697a0e89535a87dfa70fc3ee95212 h3,#vamtam-column-5c9697a0e89535a87dfa70fc3ee95212 h4,#vamtam-column-5c9697a0e89535a87dfa70fc3ee95212 h5,#vamtam-column-5c9697a0e89535a87dfa70fc3ee95212 h6,#vamtam-column-5c9697a0e89535a87dfa70fc3ee95212 h1 a:not(:hover),#vamtam-column-5c9697a0e89535a87dfa70fc3ee95212 h2 a:not(:hover),#vamtam-column-5c9697a0e89535a87dfa70fc3ee95212 h3 a:not(:hover),#vamtam-column-5c9697a0e89535a87dfa70fc3ee95212 h4 a:not(:hover),#vamtam-column-5c9697a0e89535a87dfa70fc3ee95212 h5 a:not(:hover),#vamtam-column-5c9697a0e89535a87dfa70fc3ee95212 h6 a:not(:hover),#vamtam-column-5c9697a0e89535a87dfa70fc3ee95212 .column-title,#vamtam-column-5c9697a0e89535a87dfa70fc3ee95212 .sep-text h2.regular-title-wrapper,#vamtam-column-5c9697a0e89535a87dfa70fc3ee95212 .text-divider-double,#vamtam-column-5c9697a0e89535a87dfa70fc3ee95212 .sep-text .sep-text-line,#vamtam-column-5c9697a0e89535a87dfa70fc3ee95212 .sep,#vamtam-column-5c9697a0e89535a87dfa70fc3ee95212 .sep-2,#vamtam-column-5c9697a0e89535a87dfa70fc3ee95212 .sep-3,#vamtam-column-5c9697a0e89535a87dfa70fc3ee95212 .portfolio-filters .inner-wrapper .cbp-filter-item,#vamtam-column-5c9697a0e89535a87dfa70fc3ee95212 .portfolio-filters .inner-wrapper .cbp-filter-item:hover,#vamtam-column-5c9697a0e89535a87dfa70fc3ee95212 .portfolio-filters .inner-wrapper .cbp-filter-item.cbp-filter-item-active,#vamtam-column-5c9697a0e89535a87dfa70fc3ee95212 td,#vamtam-column-5c9697a0e89535a87dfa70fc3ee95212 th,#vamtam-column-5c9697a0e89535a87dfa70fc3ee95212 caption{color:#333;}#vamtam-column-5c9697a0e89535a87dfa70fc3ee95212:before{background-color:#fff;}#vamtam-column-5c9697a0e89535a87dfa70fc3ee95212:after{background-color:#fff;}<\/style><div class=\"row \"><div class=\"vamtam-grid grid-1-3  grid-1-3  first unextended animation-fade-in animated-active no-extended-padding\" style=\"padding-top:0.05px;padding-bottom:0.05px;\" id=\"vamtam-column-66f70b40ffc89e5384a96218e9bc1e9e\" ><h4 class=\"color-accent-1\" style=\"text-align: center;\">1991<\/h4>\n<p style=\"text-align: center;\">Apertura del Restaurante El Jam\u00f3n del Abuelo.<\/p><\/div>\n<div class=\"vamtam-grid grid-1-3  grid-1-3  unextended animation-fade-in animated-active no-extended-padding\" style=\"padding-top:0.05px;padding-bottom:0.05px;\" id=\"vamtam-column-0e932f0c26625889ac976863368c8a8c\" ><h4 class=\"color-accent-1\" style=\"text-align: center;\">Andaluc\u00eda<\/h4>\n<p style=\"text-align: center;\">Un patio andaluz, ra\u00edces y cocina andaluza para hacer vivir una experiencia \u00fanica a nuestros comensales.<\/p><\/div>\n<div class=\"vamtam-grid grid-1-3  grid-1-3  unextended animation-fade-in animated-active no-extended-padding\" style=\"padding-top:0.05px;padding-bottom:0.05px;\" id=\"vamtam-column-d48569f708878f9efbd6d34f471e3845\" ><h4 class=\"color-accent-1\" style=\"text-align: center;\">Calidad y Humanidad<\/h4>\n<p style=\"text-align: center;\">Calidad en nuestros productos para la elaboraci\u00f3n de un exquisito men\u00fa y un equipo para crear una experiencia gastron\u00f3mica en cada uno de nuestros platos as\u00ed como men\u00fas.<\/p><\/div><\/div><\/div><\/div><\/div><\/div>\n<div class=\"row \"><div class=\"vamtam-grid grid-1-1  vamtam-first-level grid-1-1  first has-background extended no-extended-padding\" style=\"background-color:#22272d;padding-top:0.05px;padding-bottom:0.05px;\" id=\"vamtam-column-e8655deab92e9e04dbf7d82751650a58\" ><div class=\"limit-wrapper\"><div class=\"extended-column-inner\"><style>#vamtam-column-e8655deab92e9e04dbf7d82751650a58,#vamtam-column-e8655deab92e9e04dbf7d82751650a58 p,#vamtam-column-e8655deab92e9e04dbf7d82751650a58 em,#vamtam-column-e8655deab92e9e04dbf7d82751650a58 h1,#vamtam-column-e8655deab92e9e04dbf7d82751650a58 h2,#vamtam-column-e8655deab92e9e04dbf7d82751650a58 h3,#vamtam-column-e8655deab92e9e04dbf7d82751650a58 h4,#vamtam-column-e8655deab92e9e04dbf7d82751650a58 h5,#vamtam-column-e8655deab92e9e04dbf7d82751650a58 h6,#vamtam-column-e8655deab92e9e04dbf7d82751650a58 h1 a:not(:hover),#vamtam-column-e8655deab92e9e04dbf7d82751650a58 h2 a:not(:hover),#vamtam-column-e8655deab92e9e04dbf7d82751650a58 h3 a:not(:hover),#vamtam-column-e8655deab92e9e04dbf7d82751650a58 h4 a:not(:hover),#vamtam-column-e8655deab92e9e04dbf7d82751650a58 h5 a:not(:hover),#vamtam-column-e8655deab92e9e04dbf7d82751650a58 h6 a:not(:hover),#vamtam-column-e8655deab92e9e04dbf7d82751650a58 .column-title,#vamtam-column-e8655deab92e9e04dbf7d82751650a58 .sep-text h2.regular-title-wrapper,#vamtam-column-e8655deab92e9e04dbf7d82751650a58 .text-divider-double,#vamtam-column-e8655deab92e9e04dbf7d82751650a58 .sep-text .sep-text-line,#vamtam-column-e8655deab92e9e04dbf7d82751650a58 .sep,#vamtam-column-e8655deab92e9e04dbf7d82751650a58 .sep-2,#vamtam-column-e8655deab92e9e04dbf7d82751650a58 .sep-3,#vamtam-column-e8655deab92e9e04dbf7d82751650a58 .portfolio-filters .inner-wrapper .cbp-filter-item,#vamtam-column-e8655deab92e9e04dbf7d82751650a58 .portfolio-filters .inner-wrapper .cbp-filter-item:hover,#vamtam-column-e8655deab92e9e04dbf7d82751650a58 .portfolio-filters .inner-wrapper .cbp-filter-item.cbp-filter-item-active,#vamtam-column-e8655deab92e9e04dbf7d82751650a58 td,#vamtam-column-e8655deab92e9e04dbf7d82751650a58 th,#vamtam-column-e8655deab92e9e04dbf7d82751650a58 caption{color:#f4f4f4;}<\/style><div class=\"row \"><div class=\"vamtam-grid grid-1-2  grid-1-2  first has-background unextended animation-fade-in animated-active no-extended-padding\" style=\"\n\t\t\t\tbackground: url( &#039;https:\/\/vip-restaurant.vamtam.com\/wp-content\/uploads\/2014\/04\/chef-dark.jpg&#039; ) no-repeat center top;\n\t\t\t\tbackground-size: auto;\n\t\t\tbackground-attachment: scroll;padding-top:0.05px;padding-bottom:0.05px;\" id=\"vamtam-column-e2bb029f2f2c74bc653e246b567bffdf\" ><\/div>\n<div class=\"vamtam-grid grid-1-2  grid-1-2  unextended animation-fade-in animated-active no-extended-padding\" style=\"padding-top:0.05px;padding-bottom:0.05px;\" id=\"vamtam-column-b8211300af86abd7b6235ed08f638033\" ><span class=\"vamtam-blank-space \" style=\"height:70px\"><\/span>\n<img decoding=\"async\" class=\"aligncenter size-large wp-image-11812\" src=\"https:\/\/vip-restaurant.vamtam.com\/wp-content\/uploads\/2014\/04\/sushi-icon-4.1.svg\" alt=\"sushi-icon-4.1\" width=\"200\" height=\"auto\" \/><\/p>\n<h2 style=\"text-align: center;\">Nuestra Cocina<\/h2>\n<h6 class=\"vamtam-font-style-2 with-color\" style=\"text-align: center;\">Equipo Gastron\u00f3mico<\/h6>\n<p style=\"text-align: center;\">\u201cComo equipo gastron\u00f3mico buscamos la excelencia a trav\u00e9s de productos seleccionados con mimo para trasladar la alta calidad a cada uno de nuestros platos. Nuestra misi\u00f3n es que nuestros comensales vivan algo \u00fanico a trav\u00e9s de una carta cuidada adem\u00e1s de sentirse \u00abcomo en casa\u00bb durante la visita a nuestro Restaurante, su casa.\u201d<\/p>\n<span class=\"vamtam-blank-space \" style=\"height:20px\"><\/span><\/div><\/div><\/div><\/div><\/div><\/div>\n<div class=\"vamtam-blank-space \" style=\"height:30px\"><\/div>\n<div class=\"vamtam-blank-space  vamtam-hide-lowres\" style=\"height:60px\"><\/div>\n<div class=\"limit-wrapper\"><div class=\"row \"><div class=\"vamtam-grid grid-1-1  vamtam-first-level grid-1-1  first has-horizontal-padding unextended no-extended-padding\" style=\"padding-top:0.05px;padding-bottom:0.05px;padding-left:125px;padding-right:125px;\" id=\"vamtam-column-fbb7aa04e5123d306c9096d613d3f218\" ><div class=\"row \"><div class=\"vamtam-grid grid-1-1  grid-1-1  first unextended animation-fade-in animated-active no-extended-padding\" style=\"padding-top:0.05px;padding-bottom:0.05px;\" id=\"vamtam-column-151efbdce81845f05e2c3f9e6200794d\" ><div class=\"vamtam-cubeportfolio cbp cbp-slider-edge vamtam-testimonials-slider\" data-options=\"{&quot;layoutMode&quot;:&quot;slider&quot;,&quot;drag&quot;:true,&quot;auto&quot;:false,&quot;autoTimeout&quot;:5000,&quot;autoPauseOnHover&quot;:true,&quot;showNavigation&quot;:false,&quot;showPagination&quot;:true,&quot;rewindNav&quot;:true,&quot;scrollByPage&quot;:false,&quot;gridAdjustment&quot;:&quot;responsive&quot;,&quot;mediaQueries&quot;:[{&quot;width&quot;:1,&quot;cols&quot;:1}],&quot;gapHorizontal&quot;:0,&quot;gapVertical&quot;:0,&quot;caption&quot;:&quot;&quot;,&quot;displayType&quot;:&quot;default&quot;}\"><div class=\"cbp-item\"><blockquote class='clearfix small simple post-10431 jetpack-testimonial type-jetpack-testimonial status-publish hentry'><div class='quote-text'><h4 class=\"quote-summary\">Se come de maravilla.<\/h4><div class=\"quote-title-wrapper clearfix\"><div class='quote-title'><span class='icon shortcode   use-hover' style='color:#F8DF04;'>&#57863;<\/span><span class='icon shortcode   use-hover' style='color:#F8DF04;'>&#57863;<\/span><span class='icon shortcode   use-hover' style='color:#F8DF04;'>&#57863;<\/span><span class='icon shortcode   use-hover' style='color:#F8DF04;'>&#57863;<\/span><span class='icon shortcode   use-hover' style='color:#F8DF04;'>&#57863;<\/span> &mdash; <span class='the-title'>joseeB3853RO<\/span><\/div><\/div><div class=\"quote-content\">\n<p>Restaurante de los de antes en los que se come como en casa, de la buena, de los de toda la vida. Gracias por vuestra atenci\u00f3n e incre\u00edble dedicaci\u00f3n al sector hostelero.<\/p>\n<\/div>\n<\/div><\/blockquote><\/div><div class=\"cbp-item\"><blockquote class='clearfix small simple post-987864 jetpack-testimonial type-jetpack-testimonial status-publish hentry'><div class='quote-text'><h4 class=\"quote-summary\">Un gran establecimiento.<\/h4><div class=\"quote-title-wrapper clearfix\"><div class='quote-title'><span class='icon shortcode   use-hover' style='color:#F8DF04;'>&#57863;<\/span><span class='icon shortcode   use-hover' style='color:#F8DF04;'>&#57863;<\/span><span class='icon shortcode   use-hover' style='color:#F8DF04;'>&#57863;<\/span><span class='icon shortcode   use-hover' style='color:#F8DF04;'>&#57863;<\/span><span class='icon shortcode   use-hover' style='color:#F8DF04;'>&#57863;<\/span> &mdash; <span class='the-title'>Enrique S<\/span><\/div><\/div><div class=\"quote-content\">\n<p>Una atenci\u00f3n muy buena. Unas instalaciones muy limpias, con unos aseos impecalbles. Una barra muy atractiva para el aperitivo y un men\u00fa casero a 11\u20ac, con alimentos de primera y muy bien elaborados.\u00bfQu\u00e9 m\u00e1s se puede pedir?<\/p>\n<\/div>\n<\/div><\/blockquote><\/div><div class=\"cbp-item\"><blockquote class='clearfix small simple post-987866 jetpack-testimonial type-jetpack-testimonial status-publish hentry'><div class='quote-text'><h4 class=\"quote-summary\">Sitio top de tapas y muy buen restaurante.<\/h4><div class=\"quote-title-wrapper clearfix\"><div class='quote-title'><span class='icon shortcode   use-hover' style='color:#F8DF04;'>&#57863;<\/span><span class='icon shortcode   use-hover' style='color:#F8DF04;'>&#57863;<\/span><span class='icon shortcode   use-hover' style='color:#F8DF04;'>&#57863;<\/span><span class='icon shortcode   use-hover' style='color:#F8DF04;'>&#57863;<\/span><span class='icon shortcode   use-hover' style='color:#F8DF04;'>&#57863;<\/span> &mdash; <span class='the-title'>carlosfg1983<\/span><\/div><\/div><div class=\"quote-content\">\n<p>Siendo cliente asiduo de la Taberna, en ocasiones tambi\u00e9n acudimos a la Terraza. En ambos sitios, el trato siempre es excelente y la comida genial. Las tapas son de gran calidad y la taberna es muy entra\u00f1able.En cuanto a la terraza, pues m\u00e1s de lo mismo: trato estupendo y gran g\u00e9nero. Al ser m\u00e1s \"restaurante\" pues se te puede ir m\u00e1s de precio al sustituir las tapas por un segundo plato. Pero realmente, la calidad precio es genial. Uno de los sitios a los que ir en el Barrio.<\/p>\n<\/div>\n<\/div><\/blockquote><\/div><div class=\"cbp-item\"><blockquote class='clearfix small simple post-987868 jetpack-testimonial type-jetpack-testimonial status-publish hentry'><div class='quote-text'><h4 class=\"quote-summary\">Magn\u00edfico.<\/h4><div class=\"quote-title-wrapper clearfix\"><div class='quote-title'><span class='icon shortcode   use-hover' style='color:#F8DF04;'>&#57863;<\/span><span class='icon shortcode   use-hover' style='color:#F8DF04;'>&#57863;<\/span><span class='icon shortcode   use-hover' style='color:#F8DF04;'>&#57863;<\/span><span class='icon shortcode   use-hover' style='color:#F8DF04;'>&#57863;<\/span><span class='icon shortcode   use-hover' style='color:#F8DF04;'>&#57863;<\/span> &mdash; <span class='the-title'>335silviam<\/span><\/div><\/div><div class=\"quote-content\">\n<p>El trato es exquisito el servicio inmejorable y la calidad es de primera. No s\u00e9 qu\u00e9 esperan al pagar los que van y luego se quejan. Ser\u00e1 que est\u00e1n acostumbrados a tascas baratas y a productos de mala calidad.La relaci\u00f3n calidad precio es la adecuada.Para m\u00ed siempre ha sido un 10 en todo.<\/p>\n<\/div>\n<\/div><\/blockquote><\/div><div class=\"cbp-item\"><blockquote class='clearfix small simple post-987870 jetpack-testimonial type-jetpack-testimonial status-publish hentry'><div class='quote-text'><h4 class=\"quote-summary\">Muy bueno.<\/h4><div class=\"quote-title-wrapper clearfix\"><div class='quote-title'><span class='icon shortcode   use-hover' style='color:#F8DF04;'>&#57863;<\/span><span class='icon shortcode   use-hover' style='color:#F8DF04;'>&#57863;<\/span><span class='icon shortcode   use-hover' style='color:#F8DF04;'>&#57863;<\/span><span class='icon shortcode   use-hover' style='color:#F8DF04;'>&#57863;<\/span> &mdash; <span class='the-title'>369almudena<\/span><\/div><\/div><div class=\"quote-content\">\n<p>Buena calidad, buena atenci\u00f3n y buena cantidad. De los cl\u00e1sicos que merecen la pena. Seguramente repetiremos.<\/p>\n<\/div>\n<\/div><\/blockquote><\/div><\/div><\/div><\/div><\/div><\/div><\/div>\n<div class=\"vamtam-blank-space  vamtam-hide-lowres\" style=\"height:30px\"><\/div>\n<div class=\"row \"><div class=\"vamtam-grid grid-1-1  vamtam-first-level grid-1-1  first extended-content unextended no-extended-padding\" style=\"padding-top:0.05px;padding-bottom:0.05px;\" id=\"vamtam-column-074c40986dd03b56506db013b9dd84eb\" ><div class=\"extended-column-inner\"><div class=\"sep\"><\/div>\n<div class=\"vamtam-blank-space  vamtam-hide-lowres\" style=\"height:60px\"><\/div><\/div><\/div><\/div>\n<div class=\"limit-wrapper\"><div class=\"row \"><div class=\"vamtam-grid grid-1-6  vamtam-first-level grid-1-6  first vamtam-hide-lowres unextended no-extended-padding\" style=\"padding-top:0.05px;padding-bottom:0.05px;\" id=\"vamtam-column-fe2a94cf68287efd44661f85bc29673b\" ><div class=\"row \"><div class=\"vamtam-grid grid-1-1  grid-1-1  first unextended animation-fade-in animated-active has-extended-padding\" style=\"padding-top:0.05px;padding-bottom:0.05px;\" id=\"vamtam-column-42fb4e177964e1f7dfbb2993bdc15571\" ><\/div><\/div><\/div>\n<div class=\"vamtam-grid grid-2-3  vamtam-first-level grid-2-3  unextended animation-fade-in animated-active no-extended-padding\" style=\"padding-top:0.05px;padding-bottom:0.05px;\" id=\"vamtam-column-4cefadfba3638166a18492decae010d4\" ><h4 style=\"text-align: center;\">Reconocimientos<\/h4>\n<p style=\"text-align: center;\">El reconocimiento es posible cuidando el producto, equipo y comensales para generar un orgullo de pertenencia al equipo adem\u00e1s de hacer sentir a los comensales como en casa en cada una de sus visitas, los reconocimientos es la antesala al esfuerzo y mejora continua.<\/p>\n<span class=\"vamtam-blank-space \" style=\"height:20px\"><\/span><\/div><\/div><\/div>\n<div class=\"vamtam-blank-space  vamtam-hide-lowres\" style=\"height:60px\"><\/div>\n","protected":false},"excerpt":{"rendered":"<p>Buena calidad, buena atenci\u00f3n y buena cantidad. De los cl\u00e1sicos que merecen la pena. Seguramente repetiremos.<\/p>\n","protected":false},"author":1,"featured_media":0,"parent":0,"menu_order":0,"comment_status":"closed","ping_status":"closed","template":"","meta":{"footnotes":""},"class_list":["post-7778","page","type-page","status-publish","hentry"],"_links":{"self":[{"href":"https:\/\/restauranteeljamondelabuelo.es\/index.php\/wp-json\/wp\/v2\/pages\/7778","targetHints":{"allow":["GET"]}}],"collection":[{"href":"https:\/\/restauranteeljamondelabuelo.es\/index.php\/wp-json\/wp\/v2\/pages"}],"about":[{"href":"https:\/\/restauranteeljamondelabuelo.es\/index.php\/wp-json\/wp\/v2\/types\/page"}],"author":[{"embeddable":true,"href":"https:\/\/restauranteeljamondelabuelo.es\/index.php\/wp-json\/wp\/v2\/users\/1"}],"replies":[{"embeddable":true,"href":"https:\/\/restauranteeljamondelabuelo.es\/index.php\/wp-json\/wp\/v2\/comments?post=7778"}],"version-history":[{"count":0,"href":"https:\/\/restauranteeljamondelabuelo.es\/index.php\/wp-json\/wp\/v2\/pages\/7778\/revisions"}],"wp:attachment":[{"href":"https:\/\/restauranteeljamondelabuelo.es\/index.php\/wp-json\/wp\/v2\/media?parent=7778"}],"curies":[{"name":"wp","href":"https:\/\/api.w.org\/{rel}","templated":true}]}}