{"id":988354,"date":"2021-11-16T19:44:31","date_gmt":"2021-11-16T17:44:31","guid":{"rendered":"https:\/\/restauranteeljamondelabuelo.es\/?page_id=988354"},"modified":"2024-01-19T19:03:08","modified_gmt":"2024-01-19T17:03:08","slug":"menu-de-navidad","status":"publish","type":"page","link":"https:\/\/restauranteeljamondelabuelo.es\/index.php\/menu-de-navidad\/","title":{"rendered":"Men\u00fa de Navidad y grupos"},"content":{"rendered":"<div class=\"row \"><div class=\"vamtam-grid grid-1-1  vamtam-first-level grid-1-1  first extended-content unextended no-extended-padding\" style=\"padding-top:0.05px;padding-bottom:0.05px;\" id=\"vamtam-column-9b2fdf25a09b4d9c54bfb9e581058cde\" ><div class=\"extended-column-inner\"><div class=\"row \"><div class=\"vamtam-grid grid-1-2  grid-1-2  first vamtam-cover-bg has-background unextended no-extended-padding\" style=\"\n\t\t\t\tbackground: url( &#039;https:\/\/restauranteeljamondelabuelo.es\/wp-content\/uploads\/2021\/11\/annie-spratt-1Qg9PXse00s-unsplash-scaled.jpg&#039; ) no-repeat left center;\n\t\t\t\tbackground-size: cover;\n\t\t\tbackground-attachment: fixed;padding-top:100px;padding-bottom:100px;\" id=\"vamtam-column-7a4594f14eeb42a7b231c37223f38a1e\" ><\/div>\n<div class=\"vamtam-grid grid-1-2  grid-1-2  has-horizontal-padding unextended no-extended-padding\" style=\"padding-top:0.05px;padding-bottom:0.05px;padding-left:65px;padding-right:65px;\" id=\"vamtam-column-6afcf675ef762cc5762fdd688271af4d\"  data-padding-top=\"-1\" data-padding-bottom=\"-1\"><div class=\"vamtam-blank-space \" style=\"height:30px\"><\/div>\n<div class=\"row \"><div class=\"vamtam-grid grid-1-1  grid-1-1  first unextended no-extended-padding\" style=\"padding-top:0.05px;padding-bottom:0.05px;\" id=\"vamtam-column-618a7cbefaf2de3e249cadcf873b5b83\" ><p>Estimados amigos y clientes del Restaurante El Jam\u00f3n del Abuelo,<\/p>\n<p>En esta p\u00e1gina podr\u00e1n ustedes o usted conocer nuestros men\u00fas de Navidad para grupos, queremos comunicarle que podr\u00e1 usted configurar su men\u00fa para grupos dentro de los productos presentes en nuestra carta.<\/p>\n<p>Los men\u00fas de Navidad son 3 y cada uno de ellos especifica precio por persona.<\/p>\n<p>Para reservar puede ser a trav\u00e9s de llamada telef\u00f3nica o mail.<\/p><\/div><\/div>\n<div class=\"row \"><div class=\"vamtam-grid grid-1-1  grid-1-1  first unextended no-extended-padding\" style=\"padding-top:0.05px;padding-bottom:0.05px;\" id=\"vamtam-column-ba44e727e6fe9719a75c8f78847b6d5f\" ><span class=\"vamtam-blank-space \" style=\"height:10px\"><\/span>\n<p style=\"text-align: center;\"><img loading=\"lazy\" decoding=\"async\" class=\"size-full wp-image-988362 aligncenter\" src=\"https:\/\/restauranteeljamondelabuelo.es\/wp-content\/uploads\/2021\/11\/mistletoe.png\" alt=\"\" width=\"32\" height=\"32\" \/><\/p><\/div><\/div><\/div><\/div><\/div><\/div><\/div>\n<div class=\"row \"><div class=\"vamtam-grid grid-1-1  vamtam-first-level grid-1-1  first extended-content unextended no-extended-padding\" style=\"padding-top:0.05px;padding-bottom:0.05px;\" id=\"vamtam-column-dae57bc472c03fcaf8e3ba1c32428c77\" ><div class=\"extended-column-inner\"><div class=\"row \"><div class=\"vamtam-grid grid-1-2  grid-1-2  first vamtam-cover-bg has-background unextended no-extended-padding\" style=\"\n\t\t\t\tbackground: url( &#039;https:\/\/restauranteeljamondelabuelo.es\/wp-content\/uploads\/2021\/11\/annie-spratt-1Qg9PXse00s-unsplash-scaled.jpg&#039; ) no-repeat left center;\n\t\t\t\tbackground-size: cover;\n\t\t\tbackground-attachment: fixed;padding-top:100px;padding-bottom:100px;\" id=\"vamtam-column-375c8557ddf2fec5e515e3380801573b\" ><\/div>\n<div class=\"vamtam-grid grid-1-2  grid-1-2  has-horizontal-padding unextended no-extended-padding\" style=\"padding-top:0.05px;padding-bottom:0.05px;padding-left:65px;padding-right:65px;\" id=\"vamtam-column-ce9d1324dfbb8adb6bc2651eb4585cdd\"  data-padding-top=\"-1\" data-padding-bottom=\"-1\"><div class=\"vamtam-blank-space \" style=\"height:30px\"><\/div>\n<div class=\"row \"><div class=\"vamtam-grid grid-1-1  grid-1-1  first unextended no-extended-padding\" style=\"padding-top:0.05px;padding-bottom:0.05px;\" id=\"vamtam-column-d63d0bd0c5d7ad2b6e0ee4d0be7407c6\" ><p><img loading=\"lazy\" decoding=\"async\" class=\"aligncenter wp-image-988356 size-thumbnail\" src=\"https:\/\/restauranteeljamondelabuelo.es\/wp-content\/uploads\/2021\/11\/menu-150x150.png\" alt=\"menu de navidad\" width=\"150\" height=\"150\" srcset=\"https:\/\/restauranteeljamondelabuelo.es\/wp-content\/uploads\/2021\/11\/menu-150x150.png 150w, https:\/\/restauranteeljamondelabuelo.es\/wp-content\/uploads\/2021\/11\/menu-300x300.png 300w, https:\/\/restauranteeljamondelabuelo.es\/wp-content\/uploads\/2021\/11\/menu-60x60.png 60w, https:\/\/restauranteeljamondelabuelo.es\/wp-content\/uploads\/2021\/11\/menu-43x43.png 43w, https:\/\/restauranteeljamondelabuelo.es\/wp-content\/uploads\/2021\/11\/menu-400x400.png 400w, https:\/\/restauranteeljamondelabuelo.es\/wp-content\/uploads\/2021\/11\/menu-292x292.png 292w, https:\/\/restauranteeljamondelabuelo.es\/wp-content\/uploads\/2021\/11\/menu-50x50.png 50w, https:\/\/restauranteeljamondelabuelo.es\/wp-content\/uploads\/2021\/11\/menu.png 512w\" sizes=\"auto, (max-width: 150px) 100vw, 150px\" \/><br \/>\n<span class=\"vamtam-blank-space \" style=\"margin-bottom:-50px\"><\/span><\/div><\/div>\n\t\t<div class=\"sep-text single centered\">\n\t\t\t\t\t\t\t<div class=\"sep-text-before\"><div class=\"sep-text-line\"><\/div><\/div>\n\t\t\t\t\t\t<div class=\"content\">\n\t\t\t\t<h2 class=\"text-divider-double\">\nMen\u00fa de Navidad\n<\/h2><div class=\"text-divider-subtitle\">N\u00famero 1<\/div>\t\t\t<\/div>\n\t\t\t<div class=\"sep-text-after\"><div class=\"sep-text-line\"><\/div><\/div>\n\t\t\t\t\t<\/div>\n\t\n<div class=\"row \"><div class=\"vamtam-grid grid-1-1  grid-1-1  first unextended no-extended-padding\" style=\"padding-top:0.05px;padding-bottom:0.05px;\" id=\"vamtam-column-3312ff66a43861f102ead3a675f60771\" ><div class=\"pt-subtitle-wrap\">\n<p><span class=\"pt-subtitle\"><span class=\"pt-subtitle\">\u00a0 \u00a0 \u00a0 \u00a0 \u00a0 \u00a0 \u00a0 \u00a0 \u00a0 \u00a0 \u00a0 \u00a0 \u00a0 \u00a0 \u00a0 \u00a0 \u00a0 \u00a0 \u00a0 \u00a0 \u00a0 \u00a0 \u00a0 \u00a0 \u00a0 \u00a0 \u00a0 \u00a0 \u00a0 \u00a0 \u00a0<\/span><\/span><\/p>\n<div class=\"pt-subtitle-wrap\"><span class=\"pt-subtitle\">\u00a0 \u00a0 \u00a0 \u00a0 \u00a0 \u00a0 \u00a0 \u00a0 \u00a0 \u00a0 \u00a0 \u00a0 \u00a0 \u00a0 \u00a0 \u00a0 \u00a0 \u00a0 \u00a0 \u00a0 \u00a0 \u00a0 \u00a0 \u00a0 \u00a0 \u00a0 \u00a0 \u00a0 \u00a0 \u00a0 \u00a0 \u00a0 <strong>\u00a0INFORMACI\u00d3N ADICIONAL<\/strong><\/span><\/div>\n<div class=\"pt-title-text\">\n<p>\u00a0 \u00a0 \u00a0 \u00a0 \u00a0 \u00a0 Sobre la composici\u00f3n del men\u00fa o men\u00fas especiales:<\/p>\n<p>Quisi\u00e9ramos indicarle que usted puede consultar con nuestro equipo para la composici\u00f3n y sugerencia de un men\u00fa adaptado a sus gustos y necesidades siempre que pueda estar dentro de nuestra carta y elaboraciones.<\/p>\n<p>Le rogamos que si es la opci\u00f3n que desea contacte con nosotros para trabajar en la confecci\u00f3n del men\u00fa.<\/p>\n<p><strong>\u00a0 \u00a0 \u00a0 \u00a0 \u00a0 \u00a0 \u00a0 \u00a0 \u00a0 \u00a0 \u00a0 \u00a0 \u00a0 \u00a0 \u00a0 \u00a0 \u00a0 \u00a0 \u00a0 \u00a0 \u00a0 \u00a0 \u00a0 \u00a0 \u00a0 \u00a0 \u00a0 \u00a0 \u00a0 \u00a0 \u00a0 \u00a0 \u00a0 \u00a0 \u00a0 \u00a0 \u00a0 \u00a0 \u00a0Para Reservas:<\/strong><\/p>\n<\/div>\n<\/div>\n<h5 style=\"text-align: center;\">Reservas:<\/h5>\n<p><img loading=\"lazy\" decoding=\"async\" class=\"size-full wp-image-988365 aligncenter\" src=\"https:\/\/restauranteeljamondelabuelo.es\/wp-content\/uploads\/2021\/11\/preservacion.png\" alt=\"\" width=\"64\" height=\"64\" srcset=\"https:\/\/restauranteeljamondelabuelo.es\/wp-content\/uploads\/2021\/11\/preservacion.png 64w, https:\/\/restauranteeljamondelabuelo.es\/wp-content\/uploads\/2021\/11\/preservacion-60x60.png 60w, https:\/\/restauranteeljamondelabuelo.es\/wp-content\/uploads\/2021\/11\/preservacion-43x43.png 43w, https:\/\/restauranteeljamondelabuelo.es\/wp-content\/uploads\/2021\/11\/preservacion-50x50.png 50w\" sizes=\"auto, (max-width: 64px) 100vw, 64px\" \/><\/p>\n<p style=\"text-align: center;\">Tel\u00e9fonos: 913440060 \/ 914580163<\/p>\n<p style=\"text-align: center;\"><a href=\"mailto:eljamondelabuelo@gmail.com\">eljamondelabuelo@gmail.com<\/a><\/p><\/div><\/div>\n<div class=\"row \"><div class=\"vamtam-grid grid-1-1  grid-1-1  first unextended no-extended-padding\" style=\"padding-top:0.05px;padding-bottom:0.05px;\" id=\"vamtam-column-40775fa3eef60ab9f2dcc1da0831294e\" ><span class=\"vamtam-blank-space \" style=\"height:10px\"><\/span>\n<p style=\"text-align: center;\"><img loading=\"lazy\" decoding=\"async\" class=\"size-full wp-image-988362 aligncenter\" src=\"https:\/\/restauranteeljamondelabuelo.es\/wp-content\/uploads\/2021\/11\/mistletoe.png\" alt=\"\" width=\"32\" height=\"32\" \/><\/p><\/div><\/div>\n<div class=\"vamtam-blank-space \" style=\"height:30px\"><\/div><\/div><\/div><\/div><\/div><\/div>\n<div class=\"row \"><div class=\"vamtam-grid grid-1-1  vamtam-first-level grid-1-1  first extended-content unextended no-extended-padding\" style=\"padding-top:0.05px;padding-bottom:0.05px;\" id=\"vamtam-column-fadbf10cdf9563b13bc7b05abcb16513\" ><div class=\"extended-column-inner\"><div class=\"row \"><div class=\"vamtam-grid grid-1-2  grid-1-2  first vamtam-cover-bg has-background unextended no-extended-padding\" style=\"\n\t\t\t\tbackground: url( &#039;https:\/\/restauranteeljamondelabuelo.es\/wp-content\/uploads\/2021\/11\/annie-spratt-1Qg9PXse00s-unsplash-scaled.jpg&#039; ) no-repeat left center;\n\t\t\t\tbackground-size: cover;\n\t\t\tbackground-attachment: fixed;padding-top:100px;padding-bottom:100px;\" id=\"vamtam-column-742535626989030cc30820a07434c79d\" ><\/div>\n<div class=\"vamtam-grid grid-1-2  grid-1-2  has-horizontal-padding unextended no-extended-padding\" style=\"padding-top:0.05px;padding-bottom:0.05px;padding-left:65px;padding-right:65px;\" id=\"vamtam-column-1d8596967fbbd56df9a72c2d3ee0dde6\"  data-padding-top=\"-1\" data-padding-bottom=\"-1\"><div class=\"vamtam-blank-space \" style=\"height:30px\"><\/div>\n<div class=\"row \"><div class=\"vamtam-grid grid-1-1  grid-1-1  first unextended animation-from-bottom animated-active no-extended-padding\" style=\"padding-top:0.05px;padding-bottom:0.05px;\" id=\"vamtam-column-5883d96e54264a1f945ff743df2bc884\" ><p><img loading=\"lazy\" decoding=\"async\" class=\"aligncenter wp-image-988356 size-thumbnail\" src=\"https:\/\/restauranteeljamondelabuelo.es\/wp-content\/uploads\/2021\/11\/menu-150x150.png\" alt=\"menu de navidad\" width=\"150\" height=\"150\" srcset=\"https:\/\/restauranteeljamondelabuelo.es\/wp-content\/uploads\/2021\/11\/menu-150x150.png 150w, https:\/\/restauranteeljamondelabuelo.es\/wp-content\/uploads\/2021\/11\/menu-300x300.png 300w, https:\/\/restauranteeljamondelabuelo.es\/wp-content\/uploads\/2021\/11\/menu-60x60.png 60w, https:\/\/restauranteeljamondelabuelo.es\/wp-content\/uploads\/2021\/11\/menu-43x43.png 43w, https:\/\/restauranteeljamondelabuelo.es\/wp-content\/uploads\/2021\/11\/menu-400x400.png 400w, https:\/\/restauranteeljamondelabuelo.es\/wp-content\/uploads\/2021\/11\/menu-292x292.png 292w, https:\/\/restauranteeljamondelabuelo.es\/wp-content\/uploads\/2021\/11\/menu-50x50.png 50w, https:\/\/restauranteeljamondelabuelo.es\/wp-content\/uploads\/2021\/11\/menu.png 512w\" sizes=\"auto, (max-width: 150px) 100vw, 150px\" \/><br \/>\n<span class=\"vamtam-blank-space \" style=\"margin-bottom:-50px\"><\/span><\/div><\/div>\n\t\t<div class=\"sep-text single centered\">\n\t\t\t\t\t\t\t<div class=\"sep-text-before\"><div class=\"sep-text-line\"><\/div><\/div>\n\t\t\t\t\t\t<div class=\"content\">\n\t\t\t\t<h2 class=\"text-divider-double\">\nMen\u00fa de Navidad\n<\/h2><div class=\"text-divider-subtitle\">N\u00famero 2<\/div>\t\t\t<\/div>\n\t\t\t<div class=\"sep-text-after\"><div class=\"sep-text-line\"><\/div><\/div>\n\t\t\t\t\t<\/div>\n\t\n<div class=\"row \"><div class=\"vamtam-grid grid-1-1  grid-1-1  first unextended no-extended-padding\" style=\"padding-top:0.05px;padding-bottom:0.05px;\" id=\"vamtam-column-cb77be80b3d4018f568ee3efca6cf78a\" ><div class=\"pt-subtitle-wrap\"><span class=\"pt-subtitle\"><strong>\u00a0 \u00a0 \u00a0 \u00a0 \u00a0 \u00a0 \u00a0 \u00a0 \u00a0 \u00a0 \u00a0 \u00a0 \u00a0 \u00a0 \u00a0 \u00a0 \u00a0 \u00a0 \u00a0 \u00a0 \u00a0 \u00a0 \u00a0 \u00a0 \u00a0 \u00a0 \u00a0 \u00a0 \u00a0 \u00a0 \u00a0 INFORMACI\u00d3N ADICIONAL<\/strong><\/span><\/div>\n<div class=\"pt-title-text\">\n<p>\u00a0 \u00a0 \u00a0 \u00a0 \u00a0 \u00a0 \u00a0 \u00a0 \u00a0Sobre la composici\u00f3n del men\u00fa o men\u00fas especiales:<\/p>\n<p>Quisi\u00e9ramos indicarle que usted puede consultar con nuestro equipo para la composici\u00f3n y sugerencia de un men\u00fa adaptado a sus gustos y necesidades siempre que pueda estar dentro de nuestra carta y elaboraciones.<\/p>\n<p>Le rogamos que si es la opci\u00f3n que desea contacte con nosotros para trabajar en la confecci\u00f3n del men\u00fa.<\/p>\n<p><strong>\u00a0 \u00a0 \u00a0 \u00a0 \u00a0 \u00a0 \u00a0 \u00a0 \u00a0 \u00a0 \u00a0 \u00a0 \u00a0 \u00a0 \u00a0 \u00a0 \u00a0 \u00a0 \u00a0 \u00a0 \u00a0 \u00a0 \u00a0 \u00a0 \u00a0 \u00a0 \u00a0 \u00a0 \u00a0 \u00a0 \u00a0 \u00a0 \u00a0 \u00a0 \u00a0 \u00a0 \u00a0 \u00a0 \u00a0Para Reservas:<\/strong><\/p>\n<\/div>\n<h5 style=\"text-align: center;\">Reservas:<\/h5>\n<p><img loading=\"lazy\" decoding=\"async\" class=\"size-full wp-image-988365 aligncenter\" src=\"https:\/\/restauranteeljamondelabuelo.es\/wp-content\/uploads\/2021\/11\/preservacion.png\" alt=\"\" width=\"64\" height=\"64\" srcset=\"https:\/\/restauranteeljamondelabuelo.es\/wp-content\/uploads\/2021\/11\/preservacion.png 64w, https:\/\/restauranteeljamondelabuelo.es\/wp-content\/uploads\/2021\/11\/preservacion-60x60.png 60w, https:\/\/restauranteeljamondelabuelo.es\/wp-content\/uploads\/2021\/11\/preservacion-43x43.png 43w, https:\/\/restauranteeljamondelabuelo.es\/wp-content\/uploads\/2021\/11\/preservacion-50x50.png 50w\" sizes=\"auto, (max-width: 64px) 100vw, 64px\" \/><\/p>\n<p style=\"text-align: center;\">Tel\u00e9fonos: 913440060 \/ 914580163<\/p>\n<p style=\"text-align: center;\"><a href=\"mailto:eljamondelabuelo@gmail.com\">eljamondelabuelo@gmail.com<\/a><\/p><\/div><\/div>\n<div class=\"row \"><div class=\"vamtam-grid grid-1-1  grid-1-1  first unextended no-extended-padding\" style=\"padding-top:0.05px;padding-bottom:0.05px;\" id=\"vamtam-column-540164e0297f2db15cfd0193613f973a\" ><span class=\"vamtam-blank-space \" style=\"height:20px\"><\/span>\n<p style=\"text-align: center;\"><img loading=\"lazy\" decoding=\"async\" class=\"size-full wp-image-988362 aligncenter\" src=\"https:\/\/restauranteeljamondelabuelo.es\/wp-content\/uploads\/2021\/11\/mistletoe.png\" alt=\"\" width=\"32\" height=\"32\" \/><\/p><\/div><\/div>\n<div class=\"vamtam-blank-space \" style=\"height:30px\"><\/div><\/div><\/div><\/div><\/div><\/div>\n<div class=\"row \"><div class=\"vamtam-grid grid-1-1  vamtam-first-level grid-1-1  first extended-content unextended no-extended-padding\" style=\"padding-top:0.05px;padding-bottom:0.05px;\" id=\"vamtam-column-25b02bac9c41191077dc2275f2ea7601\" ><div class=\"extended-column-inner\"><div class=\"row \"><div class=\"vamtam-grid grid-1-2  grid-1-2  first vamtam-cover-bg has-background unextended no-extended-padding\" style=\"\n\t\t\t\tbackground: url( &#039;https:\/\/restauranteeljamondelabuelo.es\/wp-content\/uploads\/2021\/11\/annie-spratt-1Qg9PXse00s-unsplash-scaled.jpg&#039; ) no-repeat left center;\n\t\t\t\tbackground-size: cover;\n\t\t\tbackground-attachment: fixed;padding-top:100px;padding-bottom:100px;\" id=\"vamtam-column-e1dfd9d4cbb542b61059b1a64c50aed2\" ><\/div>\n<div class=\"vamtam-grid grid-1-2  grid-1-2  has-horizontal-padding unextended no-extended-padding\" style=\"padding-top:0.05px;padding-bottom:0.05px;padding-left:65px;padding-right:65px;\" id=\"vamtam-column-1203cec913d7bc46d2b090760c32d9a0\"  data-padding-top=\"-1\" data-padding-bottom=\"-1\"><div class=\"vamtam-blank-space \" style=\"height:30px\"><\/div>\n<div class=\"row \"><div class=\"vamtam-grid grid-1-1  grid-1-1  first unextended animation-from-bottom animated-active no-extended-padding\" style=\"padding-top:0.05px;padding-bottom:0.05px;\" id=\"vamtam-column-a06efb86475adf0e08282336ad82b00c\" ><p><img loading=\"lazy\" decoding=\"async\" class=\"aligncenter wp-image-988356 size-thumbnail\" src=\"https:\/\/restauranteeljamondelabuelo.es\/wp-content\/uploads\/2021\/11\/menu-150x150.png\" alt=\"menu de navidad\" width=\"150\" height=\"150\" srcset=\"https:\/\/restauranteeljamondelabuelo.es\/wp-content\/uploads\/2021\/11\/menu-150x150.png 150w, https:\/\/restauranteeljamondelabuelo.es\/wp-content\/uploads\/2021\/11\/menu-300x300.png 300w, https:\/\/restauranteeljamondelabuelo.es\/wp-content\/uploads\/2021\/11\/menu-60x60.png 60w, https:\/\/restauranteeljamondelabuelo.es\/wp-content\/uploads\/2021\/11\/menu-43x43.png 43w, https:\/\/restauranteeljamondelabuelo.es\/wp-content\/uploads\/2021\/11\/menu-400x400.png 400w, https:\/\/restauranteeljamondelabuelo.es\/wp-content\/uploads\/2021\/11\/menu-292x292.png 292w, https:\/\/restauranteeljamondelabuelo.es\/wp-content\/uploads\/2021\/11\/menu-50x50.png 50w, https:\/\/restauranteeljamondelabuelo.es\/wp-content\/uploads\/2021\/11\/menu.png 512w\" sizes=\"auto, (max-width: 150px) 100vw, 150px\" \/><br \/>\n<span class=\"vamtam-blank-space \" style=\"margin-bottom:-50px\"><\/span><\/div><\/div>\n\t\t<div class=\"sep-text single centered\">\n\t\t\t\t\t\t\t<div class=\"sep-text-before\"><div class=\"sep-text-line\"><\/div><\/div>\n\t\t\t\t\t\t<div class=\"content\">\n\t\t\t\t<h2 class=\"text-divider-double\">\nMen\u00fa de Navidad\n<\/h2><div class=\"text-divider-subtitle\">N\u00famero 3<\/div>\t\t\t<\/div>\n\t\t\t<div class=\"sep-text-after\"><div class=\"sep-text-line\"><\/div><\/div>\n\t\t\t\t\t<\/div>\n\t\n<div class=\"row \"><div class=\"vamtam-grid grid-1-1  grid-1-1  first unextended no-extended-padding\" style=\"padding-top:0.05px;padding-bottom:0.05px;\" id=\"vamtam-column-c7c0a81db9b723b3d9e11b500363eb35\" ><div class=\"pt-subtitle-wrap\"><span class=\"pt-subtitle\"><strong>\u00a0 \u00a0 \u00a0 \u00a0 \u00a0 \u00a0 \u00a0 \u00a0 \u00a0 \u00a0 \u00a0 \u00a0 \u00a0 \u00a0 \u00a0 \u00a0 \u00a0 \u00a0 \u00a0 \u00a0 \u00a0 \u00a0 \u00a0 \u00a0 \u00a0 \u00a0 \u00a0 \u00a0 \u00a0 \u00a0 \u00a0INFORMACI\u00d3N ADICIONAL<\/strong><\/span><\/div>\n<div class=\"pt-title-text\">\n<p>\u00a0 \u00a0 \u00a0 \u00a0 \u00a0 \u00a0 \u00a0 \u00a0Sobre la composici\u00f3n del men\u00fa o men\u00fas especiales:<\/p>\n<p>Quisi\u00e9ramos indicarle que usted puede consultar con nuestro equipo para la composici\u00f3n y sugerencia de un men\u00fa adaptado a sus gustos y necesidades siempre que pueda estar dentro de nuestra carta y elaboraciones.<\/p>\n<p>Le rogamos que si es la opci\u00f3n que desea contacte con nosotros para trabajar en la confecci\u00f3n del men\u00fa.<\/p>\n<p><strong>\u00a0 \u00a0 \u00a0 \u00a0 \u00a0 \u00a0 \u00a0 \u00a0 \u00a0 \u00a0 \u00a0 \u00a0 \u00a0 \u00a0 \u00a0 \u00a0 \u00a0 \u00a0 \u00a0 \u00a0 \u00a0 \u00a0 \u00a0 \u00a0 \u00a0 \u00a0 \u00a0 \u00a0 \u00a0 \u00a0 \u00a0 \u00a0 \u00a0 \u00a0 \u00a0 \u00a0 \u00a0 \u00a0 \u00a0Para Reservas:<\/strong><\/p>\n<\/div>\n<h5 style=\"text-align: center;\">Reservas:<\/h5>\n<p><img loading=\"lazy\" decoding=\"async\" class=\"size-full wp-image-988365 aligncenter\" src=\"https:\/\/restauranteeljamondelabuelo.es\/wp-content\/uploads\/2021\/11\/preservacion.png\" alt=\"\" width=\"64\" height=\"64\" srcset=\"https:\/\/restauranteeljamondelabuelo.es\/wp-content\/uploads\/2021\/11\/preservacion.png 64w, https:\/\/restauranteeljamondelabuelo.es\/wp-content\/uploads\/2021\/11\/preservacion-60x60.png 60w, https:\/\/restauranteeljamondelabuelo.es\/wp-content\/uploads\/2021\/11\/preservacion-43x43.png 43w, https:\/\/restauranteeljamondelabuelo.es\/wp-content\/uploads\/2021\/11\/preservacion-50x50.png 50w\" sizes=\"auto, (max-width: 64px) 100vw, 64px\" \/><\/p>\n<p style=\"text-align: center;\">Tel\u00e9fonos: 913440060 \/ 914580163<\/p>\n<p style=\"text-align: center;\"><a href=\"mailto:eljamondelabuelo@gmail.com\">eljamondelabuelo@gmail.com<\/a><\/p><\/div><\/div>\n<div class=\"row \"><div class=\"vamtam-grid grid-1-1  grid-1-1  first unextended no-extended-padding\" style=\"padding-top:0.05px;padding-bottom:0.05px;\" id=\"vamtam-column-77a355d739708a5bc01b0773b90fb0fd\" ><span class=\"vamtam-blank-space \" style=\"height:20px\"><\/span>\n<p style=\"text-align: center;\"><img loading=\"lazy\" decoding=\"async\" class=\"size-full wp-image-988362 aligncenter\" src=\"https:\/\/restauranteeljamondelabuelo.es\/wp-content\/uploads\/2021\/11\/mistletoe.png\" alt=\"\" width=\"32\" height=\"32\" \/><\/p><\/div><\/div>\n<div class=\"vamtam-blank-space \" style=\"height:30px\"><\/div><\/div><\/div><\/div><\/div><\/div>\n","protected":false},"excerpt":{"rendered":"<p>Estimados amigos y clientes del Restaurante El Jam\u00f3n del Abuelo, En esta p\u00e1gina podr\u00e1n ustedes o usted conocer nuestros men\u00fas de Navidad para grupos, queremos comunicarle que podr\u00e1 usted configurar su men\u00fa para grupos dentro de los productos presentes en&#8230;<\/p>\n","protected":false},"author":1,"featured_media":0,"parent":0,"menu_order":0,"comment_status":"closed","ping_status":"closed","template":"","meta":{"footnotes":""},"class_list":["post-988354","page","type-page","status-publish","hentry"],"_links":{"self":[{"href":"https:\/\/restauranteeljamondelabuelo.es\/index.php\/wp-json\/wp\/v2\/pages\/988354","targetHints":{"allow":["GET"]}}],"collection":[{"href":"https:\/\/restauranteeljamondelabuelo.es\/index.php\/wp-json\/wp\/v2\/pages"}],"about":[{"href":"https:\/\/restauranteeljamondelabuelo.es\/index.php\/wp-json\/wp\/v2\/types\/page"}],"author":[{"embeddable":true,"href":"https:\/\/restauranteeljamondelabuelo.es\/index.php\/wp-json\/wp\/v2\/users\/1"}],"replies":[{"embeddable":true,"href":"https:\/\/restauranteeljamondelabuelo.es\/index.php\/wp-json\/wp\/v2\/comments?post=988354"}],"version-history":[{"count":31,"href":"https:\/\/restauranteeljamondelabuelo.es\/index.php\/wp-json\/wp\/v2\/pages\/988354\/revisions"}],"predecessor-version":[{"id":989483,"href":"https:\/\/restauranteeljamondelabuelo.es\/index.php\/wp-json\/wp\/v2\/pages\/988354\/revisions\/989483"}],"wp:attachment":[{"href":"https:\/\/restauranteeljamondelabuelo.es\/index.php\/wp-json\/wp\/v2\/media?parent=988354"}],"curies":[{"name":"wp","href":"https:\/\/api.w.org\/{rel}","templated":true}]}}