{"id":9982,"date":"2015-02-16T02:45:49","date_gmt":"2015-02-16T02:45:49","guid":{"rendered":"https:\/\/vip-restaurant.vamtam.com\/?page_id=9982"},"modified":"2023-09-26T17:34:05","modified_gmt":"2023-09-26T15:34:05","slug":"reservar","status":"publish","type":"page","link":"https:\/\/restauranteeljamondelabuelo.es\/index.php\/reservar\/","title":{"rendered":"Reservar"},"content":{"rendered":"<div class=\"row \"><div class=\"vamtam-grid grid-1-1  vamtam-first-level grid-1-1  first has-background extended no-extended-padding\" style=\"background-color:#F5F3F0;padding-top:0.05px;padding-bottom:40px;\" id=\"vamtam-column-3c6530fefb571e57257b6c5370eaa73b\" ><div class=\"limit-wrapper\"><div class=\"extended-column-inner\"><style>#vamtam-column-3c6530fefb571e57257b6c5370eaa73b,#vamtam-column-3c6530fefb571e57257b6c5370eaa73b p,#vamtam-column-3c6530fefb571e57257b6c5370eaa73b em,#vamtam-column-3c6530fefb571e57257b6c5370eaa73b h1,#vamtam-column-3c6530fefb571e57257b6c5370eaa73b h2,#vamtam-column-3c6530fefb571e57257b6c5370eaa73b h3,#vamtam-column-3c6530fefb571e57257b6c5370eaa73b h4,#vamtam-column-3c6530fefb571e57257b6c5370eaa73b h5,#vamtam-column-3c6530fefb571e57257b6c5370eaa73b h6,#vamtam-column-3c6530fefb571e57257b6c5370eaa73b h1 a:not(:hover),#vamtam-column-3c6530fefb571e57257b6c5370eaa73b h2 a:not(:hover),#vamtam-column-3c6530fefb571e57257b6c5370eaa73b h3 a:not(:hover),#vamtam-column-3c6530fefb571e57257b6c5370eaa73b h4 a:not(:hover),#vamtam-column-3c6530fefb571e57257b6c5370eaa73b h5 a:not(:hover),#vamtam-column-3c6530fefb571e57257b6c5370eaa73b h6 a:not(:hover),#vamtam-column-3c6530fefb571e57257b6c5370eaa73b .column-title,#vamtam-column-3c6530fefb571e57257b6c5370eaa73b .sep-text h2.regular-title-wrapper,#vamtam-column-3c6530fefb571e57257b6c5370eaa73b .text-divider-double,#vamtam-column-3c6530fefb571e57257b6c5370eaa73b .sep-text .sep-text-line,#vamtam-column-3c6530fefb571e57257b6c5370eaa73b .sep,#vamtam-column-3c6530fefb571e57257b6c5370eaa73b .sep-2,#vamtam-column-3c6530fefb571e57257b6c5370eaa73b .sep-3,#vamtam-column-3c6530fefb571e57257b6c5370eaa73b .portfolio-filters .inner-wrapper .cbp-filter-item,#vamtam-column-3c6530fefb571e57257b6c5370eaa73b .portfolio-filters .inner-wrapper .cbp-filter-item:hover,#vamtam-column-3c6530fefb571e57257b6c5370eaa73b .portfolio-filters .inner-wrapper .cbp-filter-item.cbp-filter-item-active,#vamtam-column-3c6530fefb571e57257b6c5370eaa73b td,#vamtam-column-3c6530fefb571e57257b6c5370eaa73b th,#vamtam-column-3c6530fefb571e57257b6c5370eaa73b caption{color:#272727;}<\/style><div class=\"vamtam-blank-space  vamtam-hide-lowres\" style=\"margin-bottom:-40px\"><\/div>\n<div class=\"row \"><div class=\"vamtam-grid grid-1-4  grid-1-4  first unextended has-extended-padding\" style=\"padding-top:0.05px;padding-bottom:0.05px;\" id=\"vamtam-column-7c60dc1dbcff82964e3d744dff00c135\" ><\/div>\n<div class=\"vamtam-grid grid-1-2  grid-1-2 vamtam-add-ornaments-all has-background unextended no-extended-padding\" style=\"background-color:#ffffff;padding-top:20px;padding-bottom:10px;\" id=\"vamtam-column-39be09e7e5367017499c47285de2475d\" ><style>#vamtam-column-39be09e7e5367017499c47285de2475d,#vamtam-column-39be09e7e5367017499c47285de2475d p,#vamtam-column-39be09e7e5367017499c47285de2475d em,#vamtam-column-39be09e7e5367017499c47285de2475d h1,#vamtam-column-39be09e7e5367017499c47285de2475d h2,#vamtam-column-39be09e7e5367017499c47285de2475d h3,#vamtam-column-39be09e7e5367017499c47285de2475d h4,#vamtam-column-39be09e7e5367017499c47285de2475d h5,#vamtam-column-39be09e7e5367017499c47285de2475d h6,#vamtam-column-39be09e7e5367017499c47285de2475d h1 a:not(:hover),#vamtam-column-39be09e7e5367017499c47285de2475d h2 a:not(:hover),#vamtam-column-39be09e7e5367017499c47285de2475d h3 a:not(:hover),#vamtam-column-39be09e7e5367017499c47285de2475d h4 a:not(:hover),#vamtam-column-39be09e7e5367017499c47285de2475d h5 a:not(:hover),#vamtam-column-39be09e7e5367017499c47285de2475d h6 a:not(:hover),#vamtam-column-39be09e7e5367017499c47285de2475d .column-title,#vamtam-column-39be09e7e5367017499c47285de2475d .sep-text h2.regular-title-wrapper,#vamtam-column-39be09e7e5367017499c47285de2475d .text-divider-double,#vamtam-column-39be09e7e5367017499c47285de2475d .sep-text .sep-text-line,#vamtam-column-39be09e7e5367017499c47285de2475d .sep,#vamtam-column-39be09e7e5367017499c47285de2475d .sep-2,#vamtam-column-39be09e7e5367017499c47285de2475d .sep-3,#vamtam-column-39be09e7e5367017499c47285de2475d .portfolio-filters .inner-wrapper .cbp-filter-item,#vamtam-column-39be09e7e5367017499c47285de2475d .portfolio-filters .inner-wrapper .cbp-filter-item:hover,#vamtam-column-39be09e7e5367017499c47285de2475d .portfolio-filters .inner-wrapper .cbp-filter-item.cbp-filter-item-active,#vamtam-column-39be09e7e5367017499c47285de2475d td,#vamtam-column-39be09e7e5367017499c47285de2475d th,#vamtam-column-39be09e7e5367017499c47285de2475d caption{color:#333;}#vamtam-column-39be09e7e5367017499c47285de2475d:before{background-color:#fff;}#vamtam-column-39be09e7e5367017499c47285de2475d:after{background-color:#fff;}<\/style><div class=\"row \"><div class=\"vamtam-grid grid-1-1  grid-1-1  first unextended no-extended-padding\" style=\"padding-top:0.05px;padding-bottom:0.05px;\" id=\"vamtam-column-8b951fd174c58df1619f293fbef4eb0b\" ><p style=\"text-align: center;\">\u2748<\/p><\/div><\/div>\n<div class=\"row \"><div class=\"vamtam-grid grid-1-1  grid-1-1  first unextended no-extended-padding\" style=\"padding-top:0.05px;padding-bottom:0.05px;\" id=\"vamtam-column-2c409964176bf712444dd56287766b37\" ><div class=\"vamtam-tabs horizontal\" id=\"tabs-1\"><ul class=\"ui-tabs-nav\"><li><a href=\"#tab-1-0-reservar-mesa\"> <span class=\"title-text\">Reservar Mesa<\/span><\/a><\/li><\/ul><div class=\"pane tab-\" id=\"tab-1-0-reservar-mesa\"><div class=\"row \"><div class=\"vamtam-grid grid-1-1  grid-1-1  first unextended no-extended-padding\" style=\"padding-top:0.05px;padding-bottom:0.05px;\" id=\"vamtam-column-820867892f675e4238c49ff1ee0b5044\" ><p style=\"text-align: center;\">Para realizar una reserva llamar al <a href=\"tel:+34913440060\">913 44 00 60<\/a><\/p><\/div><\/div><\/div><\/div><style>#tabs-1 .ui-tabs-nav li,#tabs-1 .ui-tabs-nav li a,#tabs-1 .ui-tabs-nav li a .icon{color:#000;}#tabs-1 .ui-tabs-nav .ui-state-active,#tabs-1 .ui-tabs-nav .ui-state-selected,#tabs-1 .ui-tabs-nav .ui-state-hover{background:transparent;}#tabs-1 .ui-tabs-nav .ui-state-active,#tabs-1 .ui-tabs-nav .ui-state-active a,#tabs-1 .ui-tabs-nav .ui-state-active a .icon,#tabs-1 .ui-tabs-nav .ui-state-selected,#tabs-1 .ui-tabs-nav .ui-state-selected a,#tabs-1 .ui-tabs-nav .ui-state-selected a .icon,#tabs-1 .ui-tabs-nav .ui-state-hover,#tabs-1 .ui-tabs-nav .ui-state-hover a,#tabs-1 .ui-tabs-nav .ui-state-hover a .icon{color:#47a79f;}#tabs-1 .pane{background:transparent;}<\/style><\/div><\/div><\/div><\/div>\n<div class=\"vamtam-blank-space \" style=\"height:60px\"><\/div>\n<div class=\"row \"><div class=\"vamtam-grid grid-1-1  grid-1-1  first unextended no-extended-padding\" style=\"padding-top:0.05px;padding-bottom:0.05px;\" id=\"vamtam-column-5666bae40b0b9401920a2c71b91e0caf\" ><p style=\"text-align: center;\">\u2748<\/p><\/div><\/div>\n<div class=\"vamtam-blank-space  vamtam-hide-lowres\" style=\"height:60px\"><\/div><\/div><\/div><\/div><\/div>\n<div class=\"vamtam-blank-space  vamtam-hide-lowres\" style=\"margin-bottom:-40px\"><\/div>\n<div class=\"limit-wrapper\"><div class=\"row \"><div class=\"vamtam-grid grid-2-5  vamtam-first-level grid-2-5  first unextended no-extended-padding\" style=\"padding-top:40px;padding-bottom:60px;\" id=\"vamtam-column-ae0b5312197f8b66e8d54d72ad621ac5\" ><div class=\"vamtam-blank-space  vamtam-hide-lowres\" style=\"height:120px\"><\/div>\n<div class=\"row \"><div class=\"vamtam-grid grid-1-1  grid-1-1  first unextended no-extended-padding\" style=\"padding-top:0.05px;padding-bottom:0.05px;\" id=\"vamtam-column-26380c121c803628fb8b6a28c2c45caa\" ><h3 style=\"text-align: center;\">Cenas \u00fanicas<\/h3>\n<span class=\"vamtam-blank-space \" style=\"height:5px\"><\/span>\n<p style=\"text-align: center;\"><img loading=\"lazy\" decoding=\"async\" class=\"aligncenter size-full wp-image-11668\" src=\"https:\/\/restauranteeljamondelabuelo.es\/wp-content\/uploads\/2021\/07\/cenas-restaurante-el-jamon-del-abuelo.jpg\" alt=\"cenas el restaurante el jam\u00f3n del abuelo\" width=\"550\" height=\"300\" \/><\/p>\n<span class=\"vamtam-blank-space \" style=\"height:5px\"><\/span>\n<p>Visitar el Restaurante El Jam\u00f3n del Abuelo es vivir una experiencia gastron\u00f3mica que hace viajar al comensal\/comensales a nuestro sur, a Andaluc\u00eda a trav\u00e9s de nuestros platos y a la labor de un gran equipo gastron\u00f3mico, si desea vivir una experiencia \u00fanica le esperamos en nuestra casa.<\/p>\n<span class=\"vamtam-blank-space \" style=\"height:10px\"><\/span>\n<p style=\"text-align: center;\">\u2748<\/p><\/div><\/div><\/div>\n<div class=\"vamtam-grid grid-1-5  vamtam-first-level grid-1-5 vamtam-add-ornaments-all has-background unextended left-border no-extended-padding\" style=\"background-color:#23282F;padding-top:0.05px;padding-bottom:40px;\" id=\"vamtam-column-414bfd60949d2cdc162acf070ccaf2b4\" ><style>#vamtam-column-414bfd60949d2cdc162acf070ccaf2b4,#vamtam-column-414bfd60949d2cdc162acf070ccaf2b4 p,#vamtam-column-414bfd60949d2cdc162acf070ccaf2b4 em,#vamtam-column-414bfd60949d2cdc162acf070ccaf2b4 h1,#vamtam-column-414bfd60949d2cdc162acf070ccaf2b4 h2,#vamtam-column-414bfd60949d2cdc162acf070ccaf2b4 h3,#vamtam-column-414bfd60949d2cdc162acf070ccaf2b4 h4,#vamtam-column-414bfd60949d2cdc162acf070ccaf2b4 h5,#vamtam-column-414bfd60949d2cdc162acf070ccaf2b4 h6,#vamtam-column-414bfd60949d2cdc162acf070ccaf2b4 h1 a:not(:hover),#vamtam-column-414bfd60949d2cdc162acf070ccaf2b4 h2 a:not(:hover),#vamtam-column-414bfd60949d2cdc162acf070ccaf2b4 h3 a:not(:hover),#vamtam-column-414bfd60949d2cdc162acf070ccaf2b4 h4 a:not(:hover),#vamtam-column-414bfd60949d2cdc162acf070ccaf2b4 h5 a:not(:hover),#vamtam-column-414bfd60949d2cdc162acf070ccaf2b4 h6 a:not(:hover),#vamtam-column-414bfd60949d2cdc162acf070ccaf2b4 .column-title,#vamtam-column-414bfd60949d2cdc162acf070ccaf2b4 .sep-text h2.regular-title-wrapper,#vamtam-column-414bfd60949d2cdc162acf070ccaf2b4 .text-divider-double,#vamtam-column-414bfd60949d2cdc162acf070ccaf2b4 .sep-text .sep-text-line,#vamtam-column-414bfd60949d2cdc162acf070ccaf2b4 .sep,#vamtam-column-414bfd60949d2cdc162acf070ccaf2b4 .sep-2,#vamtam-column-414bfd60949d2cdc162acf070ccaf2b4 .sep-3,#vamtam-column-414bfd60949d2cdc162acf070ccaf2b4 .portfolio-filters .inner-wrapper .cbp-filter-item,#vamtam-column-414bfd60949d2cdc162acf070ccaf2b4 .portfolio-filters .inner-wrapper .cbp-filter-item:hover,#vamtam-column-414bfd60949d2cdc162acf070ccaf2b4 .portfolio-filters .inner-wrapper .cbp-filter-item.cbp-filter-item-active,#vamtam-column-414bfd60949d2cdc162acf070ccaf2b4 td,#vamtam-column-414bfd60949d2cdc162acf070ccaf2b4 th,#vamtam-column-414bfd60949d2cdc162acf070ccaf2b4 caption{color:#f5f5f5;}#vamtam-column-414bfd60949d2cdc162acf070ccaf2b4:before{background-color:#23282f;}#vamtam-column-414bfd60949d2cdc162acf070ccaf2b4:after{background-color:#23282f;}<\/style><div class=\"row \"><div class=\"vamtam-grid grid-1-1  grid-1-1 vamtam-add-ornaments-all first has-background unextended no-extended-padding\" style=\"background-color:#47a79f;padding-top:20px;padding-bottom:20px;\" id=\"vamtam-column-71925ea1bb726342f78b105d86c03e60\" ><style>#vamtam-column-71925ea1bb726342f78b105d86c03e60,#vamtam-column-71925ea1bb726342f78b105d86c03e60 p,#vamtam-column-71925ea1bb726342f78b105d86c03e60 em,#vamtam-column-71925ea1bb726342f78b105d86c03e60 h1,#vamtam-column-71925ea1bb726342f78b105d86c03e60 h2,#vamtam-column-71925ea1bb726342f78b105d86c03e60 h3,#vamtam-column-71925ea1bb726342f78b105d86c03e60 h4,#vamtam-column-71925ea1bb726342f78b105d86c03e60 h5,#vamtam-column-71925ea1bb726342f78b105d86c03e60 h6,#vamtam-column-71925ea1bb726342f78b105d86c03e60 h1 a:not(:hover),#vamtam-column-71925ea1bb726342f78b105d86c03e60 h2 a:not(:hover),#vamtam-column-71925ea1bb726342f78b105d86c03e60 h3 a:not(:hover),#vamtam-column-71925ea1bb726342f78b105d86c03e60 h4 a:not(:hover),#vamtam-column-71925ea1bb726342f78b105d86c03e60 h5 a:not(:hover),#vamtam-column-71925ea1bb726342f78b105d86c03e60 h6 a:not(:hover),#vamtam-column-71925ea1bb726342f78b105d86c03e60 .column-title,#vamtam-column-71925ea1bb726342f78b105d86c03e60 .sep-text h2.regular-title-wrapper,#vamtam-column-71925ea1bb726342f78b105d86c03e60 .text-divider-double,#vamtam-column-71925ea1bb726342f78b105d86c03e60 .sep-text .sep-text-line,#vamtam-column-71925ea1bb726342f78b105d86c03e60 .sep,#vamtam-column-71925ea1bb726342f78b105d86c03e60 .sep-2,#vamtam-column-71925ea1bb726342f78b105d86c03e60 .sep-3,#vamtam-column-71925ea1bb726342f78b105d86c03e60 .portfolio-filters .inner-wrapper .cbp-filter-item,#vamtam-column-71925ea1bb726342f78b105d86c03e60 .portfolio-filters .inner-wrapper .cbp-filter-item:hover,#vamtam-column-71925ea1bb726342f78b105d86c03e60 .portfolio-filters .inner-wrapper .cbp-filter-item.cbp-filter-item-active,#vamtam-column-71925ea1bb726342f78b105d86c03e60 td,#vamtam-column-71925ea1bb726342f78b105d86c03e60 th,#vamtam-column-71925ea1bb726342f78b105d86c03e60 caption{color:#fff;}#vamtam-column-71925ea1bb726342f78b105d86c03e60:before{background-color:#47a79f;}#vamtam-column-71925ea1bb726342f78b105d86c03e60:after{background-color:#47a79f;}<\/style><div class=\"row \"><div class=\"vamtam-grid grid-1-1  grid-1-1  first unextended animation-fade-in animated-active no-extended-padding\" style=\"padding-top:0.05px;padding-bottom:0.05px;\" id=\"vamtam-column-5d91f95e3f65fc3a04191f24c60a8122\" ><p style=\"text-align: center;\"><span class='icon shortcode theme  use-hover' style='color:#ffffff;font-size:120px !important;'>&#59656;<\/span>\n<span class=\"vamtam-blank-space \" style=\"margin-bottom:-10px\"><\/span>\n<h3 style=\"text-align: center;\">Llamar<\/h3>\n<h4 style=\"text-align: center;\">(+34) 914580163<\/h4>\n<p style=\"text-align: center;\">\u00a1Contacte con nosotros si desea reservar o si tiene una duda!<\/p>\n<p style=\"text-align: center;\"><a href=\"https:\/\/www.tripadvisor.es\/Restaurant_Review-g187514-d1115664-Reviews-El_Jamon_del_Abuelo-Madrid.html\"> <span class='icon shortcode theme  use-hover' style='color:#ffffff;font-size:38px !important;'>&#59657;<\/span><\/a><\/p>\n<p style=\"text-align: center;\"><a href=\"https:\/\/www.instagram.com\/eljamondelabuelo\/\"><span class='icon shortcode   use-hover' style='color:#ffffff;font-size:20px !important;'>&#58158;<\/span><\/a>\u00a0 <a href=\"https:\/\/www.facebook.com\/El-jam%C3%B3n-del-Abuelo-125220814157975\/photos?ref=page_internal\"><span class='icon shortcode   use-hover' style='color:#ffffff;font-size:20px !important;'>&#58155;<\/span><\/a>\u00a0 <a href=\"https:\/\/twitter.com\/jamondelabuelo\"><span class='icon shortcode   use-hover' style='color:#ffffff;font-size:20px !important;'>&#58159;<\/span><\/a><\/p>\n<p style=\"text-align: center;\"><\/div><\/div><\/div><\/div>\n<div class=\"vamtam-blank-space \" style=\"height:50px\"><\/div>\n<div class=\"row \"><div class=\"vamtam-grid grid-1-1  grid-1-1  first unextended animation-fade-in animated-active no-extended-padding\" style=\"padding-top:0.05px;padding-bottom:0.05px;\" id=\"vamtam-column-7c2a013db34b691d883571bb95ea5deb\" ><span class=\"vamtam-blank-space  vamtam-hide-lowres\" style=\"height:30px\"><\/span>\n<h5 style=\"text-align: center;\">Horario de Apertura<\/h5>\n<p class=\"color-accent-4\" style=\"text-align: center;\">Lunes a Viernes<br \/>\n07:00 am \u2013 00:00 pm<br \/>\n.<br \/>\nFin de Semana<\/p>\n<p style=\"text-align: center;\">S\u00e1bados<\/p>\n<p style=\"text-align: center;\">10:30 am \u2013 01:00 pm<\/p>\n<p style=\"text-align: center;\">Domingos<\/p>\n<p style=\"text-align: center;\">12:00 am \u2013 17:00 pm<\/p><\/div><\/div><\/div>\n<div class=\"vamtam-grid grid-2-5  vamtam-first-level grid-2-5  unextended no-extended-padding\" style=\"padding-top:40px;padding-bottom:0.05px;\" id=\"vamtam-column-80a69466de811bc6eb2dd43750e9bf92\" ><div class=\"vamtam-blank-space  vamtam-hide-lowres\" style=\"height:120px\"><\/div>\n<div class=\"row \"><div class=\"vamtam-grid grid-1-1  grid-1-1  first unextended no-extended-padding\" style=\"padding-top:0.05px;padding-bottom:0.05px;\" id=\"vamtam-column-ba8c402747538c9ed46999af5b0e6c30\" ><h3 style=\"text-align: center;\">Familiar<\/h3>\n<span class=\"vamtam-blank-space \" style=\"height:5px\"><\/span>\n<p style=\"text-align: center;\"><img loading=\"lazy\" decoding=\"async\" class=\"aligncenter size-full wp-image-11669\" src=\"https:\/\/restauranteeljamondelabuelo.es\/wp-content\/uploads\/2021\/07\/cena-familiar.jpg\" alt=\"cena familiar restaurante el jam\u00f3n del abuelo\" width=\"550\" height=\"300\" \/><\/p>\n<span class=\"vamtam-blank-space \" style=\"height:5px\"><\/span>\n<p>Nuestro restaurante, vuestra casa destaca por el ambiente familiar, cercan\u00eda y empat\u00eda de nuestro equipo gran equipo humano. Desde el momento que usted nos visita est\u00e1 en su casa y le haremos sentir \u00fanico a usted y su familia.<\/p>\n<span class=\"vamtam-blank-space \" style=\"height:10px\"><\/span>\n<p style=\"text-align: center;\">\u2748<\/p><\/div><\/div><\/div><\/div><\/div>\n<div class=\"limit-wrapper\"><div class=\"row \"><div class=\"vamtam-grid grid-1-1  vamtam-first-level grid-1-1  first vamtam-hide-lowres unextended no-extended-padding\" style=\"padding-top:60px;padding-bottom:10px;\" id=\"vamtam-column-816d0f6e8bf9739c0bc6d8f0f41c1c7b\" ><div class=\"row \"><div class=\"vamtam-grid grid-1-1  grid-1-1  first unextended no-extended-padding\" style=\"padding-top:0.05px;padding-bottom:0.05px;\" id=\"vamtam-column-9db66b7ee68cac331b19c0d67cd605a6\" ><p style=\"text-align: center;\">\u2748<\/p><\/div><\/div><\/div><\/div><\/div>\n<div class=\"limit-wrapper\"><div class=\"row \"><div class=\"vamtam-grid grid-1-6  vamtam-first-level grid-1-6  first vamtam-hide-lowres unextended no-extended-padding\" style=\"padding-top:0.05px;padding-bottom:0.05px;\" id=\"vamtam-column-9f40de82a70e6e06b500661ec4471df0\" ><div class=\"row \"><div class=\"vamtam-grid grid-1-1  grid-1-1  first unextended has-extended-padding\" style=\"padding-top:0.05px;padding-bottom:0.05px;\" id=\"vamtam-column-dc0d3f2ec4ef1b928a1964f1962aab44\" ><div class=\"row \"><div class=\"vamtam-grid grid-1-1  grid-1-1  first unextended no-extended-padding\" style=\"padding-top:0.05px;padding-bottom:0.05px;\" id=\"vamtam-column-341dee3d6c1272ef692fe9f89e63310e\" ><span class=\"vamtam-blank-space \" style=\"height:30px\"><\/span><\/div><\/div><\/div><\/div><\/div>\n<div class=\"vamtam-grid grid-2-3  vamtam-first-level grid-2-3  unextended animation-fade-in animated-active no-extended-padding\" style=\"padding-top:0.05px;padding-bottom:0.05px;\" id=\"vamtam-column-f5af0ed5c45b2b236ce8256145eca548\" ><h4 style=\"text-align: center;\">Reconocimientos<\/h4>\n<p style=\"text-align: center;\">En 1991, nuestro restaurante abri\u00f3 sus puertas con el firme prop\u00f3sito de llevar nuestras ra\u00edces andaluzas y la gastronom\u00eda mediterr\u00e1nea a Madrid, con un toque especial y siendo especialistas en rabo de toro, ib\u00e9ricos y pescados frescos.<\/p>\n<span class=\"vamtam-blank-space \" style=\"height:20px\"><\/span><\/div><\/div><\/div>\n<div class=\"limit-wrapper\"><div class=\"row \"><div class=\"vamtam-grid grid-1-1  vamtam-first-level grid-1-1  first vamtam-hide-lowres unextended no-extended-padding\" style=\"padding-top:50px;padding-bottom:0.05px;\" id=\"vamtam-column-e43358de49b6d43205f18cfc5ee1fe07\" ><div class=\"row \"><div class=\"vamtam-grid grid-1-1  grid-1-1  first unextended animation-fade-in animated-active no-extended-padding\" style=\"padding-top:0.05px;padding-bottom:0.05px;\" id=\"vamtam-column-28c852076aa274e4b55024220cd686fa\" ><div id=\"TA_cdsratingsonlywide816\" class=\"TA_cdsratingsonlywide\">\n<ul id=\"b5j9iLiiD\" class=\"TA_links WFtSTRohl1\">\n<li id=\"pqVBSln\" class=\"HOV8ezQ2\"><a href=\"https:\/\/www.tripadvisor.es\/Restaurant_Review-g187514-d1115664-Reviews-El_Jamon_del_Abuelo-Madrid.html\" target=\"_blank\" rel=\"noopener\"><img decoding=\"async\" src=\"https:\/\/www.tripadvisor.es\/img\/cdsi\/img2\/branding\/v2\/Tripadvisor_lockup_horizontal_secondary_registered-18034-2.svg\" alt=\"TripAdvisor\" \/><\/a><\/li>\n<\/ul>\n<\/div>\n<p><script async src=\"https:\/\/www.jscache.com\/wejs?wtype=cdsratingsonlywide&#038;uniq=816&#038;locationId=1115664&#038;lang=es&#038;border=true&#038;shadow=true&#038;backgroundColor=white&#038;display_version=2\" data-loadtrk onload=\"this.loadtrk=true\"><\/script><\/p><\/div><\/div><\/div><\/div><\/div>\n","protected":false},"excerpt":{"rendered":"<p>\u2748 \u2748 Cenas \u00fanicas Visitar el Restaurante El Jam\u00f3n del Abuelo es vivir una experiencia gastron\u00f3mica que hace viajar al comensal\/comensales a nuestro sur, a Andaluc\u00eda a trav\u00e9s de nuestros platos y a la labor de un gran equipo gastron\u00f3mico,&#8230;<\/p>\n","protected":false},"author":1,"featured_media":0,"parent":0,"menu_order":0,"comment_status":"closed","ping_status":"closed","template":"","meta":{"footnotes":""},"class_list":["post-9982","page","type-page","status-publish","hentry"],"_links":{"self":[{"href":"https:\/\/restauranteeljamondelabuelo.es\/index.php\/wp-json\/wp\/v2\/pages\/9982","targetHints":{"allow":["GET"]}}],"collection":[{"href":"https:\/\/restauranteeljamondelabuelo.es\/index.php\/wp-json\/wp\/v2\/pages"}],"about":[{"href":"https:\/\/restauranteeljamondelabuelo.es\/index.php\/wp-json\/wp\/v2\/types\/page"}],"author":[{"embeddable":true,"href":"https:\/\/restauranteeljamondelabuelo.es\/index.php\/wp-json\/wp\/v2\/users\/1"}],"replies":[{"embeddable":true,"href":"https:\/\/restauranteeljamondelabuelo.es\/index.php\/wp-json\/wp\/v2\/comments?post=9982"}],"version-history":[{"count":3,"href":"https:\/\/restauranteeljamondelabuelo.es\/index.php\/wp-json\/wp\/v2\/pages\/9982\/revisions"}],"predecessor-version":[{"id":989467,"href":"https:\/\/restauranteeljamondelabuelo.es\/index.php\/wp-json\/wp\/v2\/pages\/9982\/revisions\/989467"}],"wp:attachment":[{"href":"https:\/\/restauranteeljamondelabuelo.es\/index.php\/wp-json\/wp\/v2\/media?parent=9982"}],"curies":[{"name":"wp","href":"https:\/\/api.w.org\/{rel}","templated":true}]}}